{"id":1779,"date":"2026-01-07T13:50:21","date_gmt":"2026-01-07T13:50:21","guid":{"rendered":"https:\/\/shenit.es\/contacta-amb-shenit-kinesiologia-a-sabadell\/"},"modified":"2026-01-28T08:37:32","modified_gmt":"2026-01-28T08:37:32","slug":"contacta-amb-shenit-kinesiologia-a-sabadell","status":"publish","type":"page","link":"https:\/\/shenit.es\/ca\/contacta-amb-shenit-kinesiologia-a-sabadell\/","title":{"rendered":"Contacta amb Shenit Kinesiolog\u00eda a Sabadell"},"content":{"rendered":"\t\t<div data-elementor-type=\"wp-page\" data-elementor-id=\"1779\" class=\"elementor elementor-1779 elementor-22\" data-elementor-post-type=\"page\">\n\t\t\t\t<div class=\"elementor-element elementor-element-784f1a4 e-flex e-con-boxed e-con e-parent\" data-id=\"784f1a4\" data-element_type=\"container\" data-e-type=\"container\" data-settings=\"{&quot;background_background&quot;:&quot;classic&quot;}\">\n\t\t\t\t\t<div class=\"e-con-inner\">\n\t\t<div class=\"elementor-element elementor-element-b16b190 e-con-full animated-slow e-flex elementor-invisible e-con e-child\" data-id=\"b16b190\" data-element_type=\"container\" data-e-type=\"container\" data-settings=\"{&quot;background_background&quot;:&quot;classic&quot;,&quot;animation&quot;:&quot;fadeInUp&quot;}\">\n\t\t\t\t<div class=\"elementor-element elementor-element-9c3cc6a elementor-widget__width-initial elementor-widget elementor-widget-heading\" data-id=\"9c3cc6a\" data-element_type=\"widget\" data-e-type=\"widget\" data-widget_type=\"heading.default\">\n\t\t\t\t\t<p class=\"elementor-heading-title elementor-size-default\">Cada proc\u00e9s comen\u00e7a amb una conversa<\/p>\t\t\t\t<\/div>\n\t\t<div class=\"elementor-element elementor-element-eea3d37 e-con-full e-flex e-con e-child\" data-id=\"eea3d37\" data-element_type=\"container\" data-e-type=\"container\">\n\t\t\t\t<div class=\"elementor-element elementor-element-4ffa20c elementor-widget__width-initial elementor-widget-tablet__width-initial elementor-widget elementor-widget-heading\" data-id=\"4ffa20c\" data-element_type=\"widget\" data-e-type=\"widget\" data-widget_type=\"heading.default\">\n\t\t\t\t\t<p class=\"elementor-heading-title elementor-size-default\">Si sents que \u00e9s moment d'escoltar-te i alliberar all\u00f2 que et &nbsp;bloqueja, estarem encantats &nbsp;d'acompanyar-te.<br><br><\/p>\t\t\t\t<\/div>\n\t\t\t\t<div class=\"elementor-element elementor-element-b7ed1f7 elementor-widget__width-initial elementor-widget-mobile__width-inherit elementor-widget elementor-widget-heading\" data-id=\"b7ed1f7\" data-element_type=\"widget\" data-e-type=\"widget\" data-widget_type=\"heading.default\">\n\t\t\t\t\t<p class=\"elementor-heading-title elementor-size-default\">Pots contactar-nos per WhatsApp, correu electr\u00f2nic o a trav\u00e9s del formulari per a resoldre dubtes o reservar la teva sessi\u00f3.<\/p>\t\t\t\t<\/div>\n\t\t\t\t<\/div>\n\t\t<div class=\"elementor-element elementor-element-6e978b6 e-con-full e-flex e-con e-child\" data-id=\"6e978b6\" data-element_type=\"container\" data-e-type=\"container\">\n\t\t<div class=\"elementor-element elementor-element-24003a0 e-con-full e-flex e-con e-child\" data-id=\"24003a0\" data-element_type=\"container\" data-e-type=\"container\" data-settings=\"{&quot;background_background&quot;:&quot;classic&quot;}\">\n\t\t\t\t<div class=\"elementor-element elementor-element-4be8d60 elementor-widget-mobile__width-inherit elementor-widget elementor-widget-heading\" data-id=\"4be8d60\" data-element_type=\"widget\" data-e-type=\"widget\" data-widget_type=\"heading.default\">\n\t\t\t\t\t<span class=\"elementor-heading-title elementor-size-default\">Dades de contacte<\/span>\t\t\t\t<\/div>\n\t\t\t\t<div class=\"elementor-element elementor-element-ce23a11 elementor-align-start elementor-icon-list--layout-traditional elementor-list-item-link-full_width elementor-widget elementor-widget-icon-list\" data-id=\"ce23a11\" data-element_type=\"widget\" data-e-type=\"widget\" data-widget_type=\"icon-list.default\">\n\t\t\t\t\t\t\t<ul class=\"elementor-icon-list-items\">\n\t\t\t\t\t\t\t<li class=\"elementor-icon-list-item\">\n\t\t\t\t\t\t\t\t\t\t\t<a href=\"tel:+34678261722\">\n\n\t\t\t\t\t\t\t\t\t\t\t\t<span class=\"elementor-icon-list-icon\">\n\t\t\t\t\t\t\t<svg aria-hidden=\"true\" class=\"e-font-icon-svg e-fab-whatsapp-square\" viewBox=\"0 0 448 512\" xmlns=\"http:\/\/www.w3.org\/2000\/svg\"><path d=\"M224 122.8c-72.7 0-131.8 59.1-131.9 131.8 0 24.9 7 49.2 20.2 70.1l3.1 5-13.3 48.6 49.9-13.1 4.8 2.9c20.2 12 43.4 18.4 67.1 18.4h.1c72.6 0 133.3-59.1 133.3-131.8 0-35.2-15.2-68.3-40.1-93.2-25-25-58-38.7-93.2-38.7zm77.5 188.4c-3.3 9.3-19.1 17.7-26.7 18.8-12.6 1.9-22.4.9-47.5-9.9-39.7-17.2-65.7-57.2-67.7-59.8-2-2.6-16.2-21.5-16.2-41s10.2-29.1 13.9-33.1c3.6-4 7.9-5 10.6-5 2.6 0 5.3 0 7.6.1 2.4.1 5.7-.9 8.9 6.8 3.3 7.9 11.2 27.4 12.2 29.4s1.7 4.3.3 6.9c-7.6 15.2-15.7 14.6-11.6 21.6 15.3 26.3 30.6 35.4 53.9 47.1 4 2 6.3 1.7 8.6-1 2.3-2.6 9.9-11.6 12.5-15.5 2.6-4 5.3-3.3 8.9-2 3.6 1.3 23.1 10.9 27.1 12.9s6.6 3 7.6 4.6c.9 1.9.9 9.9-2.4 19.1zM400 32H48C21.5 32 0 53.5 0 80v352c0 26.5 21.5 48 48 48h352c26.5 0 48-21.5 48-48V80c0-26.5-21.5-48-48-48zM223.9 413.2c-26.6 0-52.7-6.7-75.8-19.3L64 416l22.5-82.2c-13.9-24-21.2-51.3-21.2-79.3C65.4 167.1 136.5 96 223.9 96c42.4 0 82.2 16.5 112.2 46.5 29.9 30 47.9 69.8 47.9 112.2 0 87.4-72.7 158.5-160.1 158.5z\"><\/path><\/svg>\t\t\t\t\t\t<\/span>\n\t\t\t\t\t\t\t\t\t\t<span class=\"elementor-icon-list-text\">(+34) 678 26 17 22<\/span>\n\t\t\t\t\t\t\t\t\t\t\t<\/a>\n\t\t\t\t\t\t\t\t\t<\/li>\n\t\t\t\t\t\t\t\t<li class=\"elementor-icon-list-item\">\n\t\t\t\t\t\t\t\t\t\t\t<a href=\"mailto:info@shenit.es\">\n\n\t\t\t\t\t\t\t\t\t\t\t\t<span class=\"elementor-icon-list-icon\">\n\t\t\t\t\t\t\t<svg aria-hidden=\"true\" class=\"e-font-icon-svg e-fas-envelope\" viewBox=\"0 0 512 512\" xmlns=\"http:\/\/www.w3.org\/2000\/svg\"><path d=\"M502.3 190.8c3.9-3.1 9.7-.2 9.7 4.7V400c0 26.5-21.5 48-48 48H48c-26.5 0-48-21.5-48-48V195.6c0-5 5.7-7.8 9.7-4.7 22.4 17.4 52.1 39.5 154.1 113.6 21.1 15.4 56.7 47.8 92.2 47.6 35.7.3 72-32.8 92.3-47.6 102-74.1 131.6-96.3 154-113.7zM256 320c23.2.4 56.6-29.2 73.4-41.4 132.7-96.3 142.8-104.7 173.4-128.7 5.8-4.5 9.2-11.5 9.2-18.9v-19c0-26.5-21.5-48-48-48H48C21.5 64 0 85.5 0 112v19c0 7.4 3.4 14.3 9.2 18.9 30.6 23.9 40.7 32.4 173.4 128.7 16.8 12.2 50.2 41.8 73.4 41.4z\"><\/path><\/svg>\t\t\t\t\t\t<\/span>\n\t\t\t\t\t\t\t\t\t\t<span class=\"elementor-icon-list-text\">info@shenit.es<\/span>\n\t\t\t\t\t\t\t\t\t\t\t<\/a>\n\t\t\t\t\t\t\t\t\t<\/li>\n\t\t\t\t\t\t<\/ul>\n\t\t\t\t\t\t<\/div>\n\t\t\t\t<\/div>\n\t\t<div class=\"elementor-element elementor-element-cd1b42a e-con-full e-flex e-con e-child\" data-id=\"cd1b42a\" data-element_type=\"container\" data-e-type=\"container\" data-settings=\"{&quot;background_background&quot;:&quot;classic&quot;}\">\n\t\t\t\t<div class=\"elementor-element elementor-element-ee961f2 elementor-widget-mobile__width-inherit elementor-widget elementor-widget-heading\" data-id=\"ee961f2\" data-element_type=\"widget\" data-e-type=\"widget\" data-widget_type=\"heading.default\">\n\t\t\t\t\t<h2 class=\"elementor-heading-title elementor-size-default\">Centre Shenit Kinesiolog\u00eda<\/h2>\t\t\t\t<\/div>\n\t\t\t\t<div class=\"elementor-element elementor-element-51585fc elementor-align-start elementor-icon-list--layout-traditional elementor-list-item-link-full_width elementor-widget elementor-widget-icon-list\" data-id=\"51585fc\" data-element_type=\"widget\" data-e-type=\"widget\" data-widget_type=\"icon-list.default\">\n\t\t\t\t\t\t\t<ul class=\"elementor-icon-list-items\">\n\t\t\t\t\t\t\t<li class=\"elementor-icon-list-item\">\n\t\t\t\t\t\t\t\t\t\t\t<a href=\"https:\/\/maps.app.goo.gl\/gAKRs6rz3dVX26bD9\" target=\"_blank\">\n\n\t\t\t\t\t\t\t\t\t\t\t\t<span class=\"elementor-icon-list-icon\">\n\t\t\t\t\t\t\t<svg aria-hidden=\"true\" class=\"e-font-icon-svg e-fas-map-marker-alt\" viewBox=\"0 0 384 512\" xmlns=\"http:\/\/www.w3.org\/2000\/svg\"><path d=\"M172.268 501.67C26.97 291.031 0 269.413 0 192 0 85.961 85.961 0 192 0s192 85.961 192 192c0 77.413-26.97 99.031-172.268 309.67-9.535 13.774-29.93 13.773-39.464 0zM192 272c44.183 0 80-35.817 80-80s-35.817-80-80-80-80 35.817-80 80 35.817 80 80 80z\"><\/path><\/svg>\t\t\t\t\t\t<\/span>\n\t\t\t\t\t\t\t\t\t\t<span class=\"elementor-icon-list-text\">Roger de Flor 121 - Local PB<\/span>\n\t\t\t\t\t\t\t\t\t\t\t<\/a>\n\t\t\t\t\t\t\t\t\t<\/li>\n\t\t\t\t\t\t\t\t<li class=\"elementor-icon-list-item\">\n\t\t\t\t\t\t\t\t\t\t\t<a href=\"https:\/\/maps.app.goo.gl\/gAKRs6rz3dVX26bD9\" target=\"_blank\">\n\n\t\t\t\t\t\t\t\t\t\t\t\t<span class=\"elementor-icon-list-icon\">\n\t\t\t\t\t\t\t<svg aria-hidden=\"true\" class=\"e-font-icon-svg e-fas-map-marked-alt\" viewBox=\"0 0 576 512\" xmlns=\"http:\/\/www.w3.org\/2000\/svg\"><path d=\"M288 0c-69.59 0-126 56.41-126 126 0 56.26 82.35 158.8 113.9 196.02 6.39 7.54 17.82 7.54 24.2 0C331.65 284.8 414 182.26 414 126 414 56.41 357.59 0 288 0zm0 168c-23.2 0-42-18.8-42-42s18.8-42 42-42 42 18.8 42 42-18.8 42-42 42zM20.12 215.95A32.006 32.006 0 0 0 0 245.66v250.32c0 11.32 11.43 19.06 21.94 14.86L160 448V214.92c-8.84-15.98-16.07-31.54-21.25-46.42L20.12 215.95zM288 359.67c-14.07 0-27.38-6.18-36.51-16.96-19.66-23.2-40.57-49.62-59.49-76.72v182l192 64V266c-18.92 27.09-39.82 53.52-59.49 76.72-9.13 10.77-22.44 16.95-36.51 16.95zm266.06-198.51L416 224v288l139.88-55.95A31.996 31.996 0 0 0 576 426.34V176.02c0-11.32-11.43-19.06-21.94-14.86z\"><\/path><\/svg>\t\t\t\t\t\t<\/span>\n\t\t\t\t\t\t\t\t\t\t<span class=\"elementor-icon-list-text\">08205 \u00b7 Sabadell<\/span>\n\t\t\t\t\t\t\t\t\t\t\t<\/a>\n\t\t\t\t\t\t\t\t\t<\/li>\n\t\t\t\t\t\t<\/ul>\n\t\t\t\t\t\t<\/div>\n\t\t\t\t<\/div>\n\t\t<div class=\"elementor-element elementor-element-4b34abb e-con-full e-flex e-con e-child\" data-id=\"4b34abb\" data-element_type=\"container\" data-e-type=\"container\" data-settings=\"{&quot;background_background&quot;:&quot;classic&quot;}\">\n\t\t\t\t<div class=\"elementor-element elementor-element-472e829 elementor-widget elementor-widget-google_maps\" data-id=\"472e829\" data-element_type=\"widget\" data-e-type=\"widget\" data-widget_type=\"google_maps.default\">\n\t\t\t\t\t\t\t<div class=\"elementor-custom-embed\">\n\t\t\t<iframe loading=\"lazy\"\n\t\t\t\t\tsrc=\"https:\/\/maps.google.com\/maps?q=Carrer%20de%20Roger%20de%20Flor%2C%20121&#038;t=m&#038;z=16&#038;output=embed&#038;iwloc=near\"\n\t\t\t\t\ttitle=\"Carrer de Roger de Flor, 121\"\n\t\t\t\t\taria-label=\"Carrer de Roger de Flor, 121\"\n\t\t\t><\/iframe>\n\t\t<\/div>\n\t\t\t\t\t\t<\/div>\n\t\t\t\t<\/div>\n\t\t\t\t<\/div>\n\t\t\t\t<\/div>\n\t\t\t\t\t<\/div>\n\t\t\t\t<\/div>\n\t\t\t\t<\/div>\n\t\t","protected":false},"excerpt":{"rendered":"<p>Cada proc\u00e9s comen\u00e7a amb una conversa Si sents que \u00e9s moment d&#8217;escoltar-te i alliberar all\u00f2 que et &nbsp;bloqueja, estarem encantats &nbsp;d&#8217;acompanyar-te. Pots contactar-nos per WhatsApp, correu electr\u00f2nic o a trav\u00e9s del formulari per a resoldre dubtes o reservar la teva sessi\u00f3. Dades de contacte (+34) 678 26 17 22 info@shenit.es Centre Shenit Kinesiolog\u00eda Roger de [&hellip;]<\/p>\n","protected":false},"author":1,"featured_media":1780,"parent":0,"menu_order":0,"comment_status":"closed","ping_status":"closed","template":"","meta":{"_acf_changed":false,"_joinchat":[],"footnotes":""},"class_list":["post-1779","page","type-page","status-publish","has-post-thumbnail","hentry"],"acf":[],"yoast_head":"<!-- This site is optimized with the Yoast SEO plugin v27.0 - https:\/\/yoast.com\/product\/yoast-seo-wordpress\/ -->\n<title>Contacta amb Shenit Kinesiolog\u00eda a Sabadell<\/title>\n<meta name=\"description\" content=\"Contacta amb Shenit Kinesiolog\u00eda a Sabadell. Reserva la teva sessi\u00f3 o resol els teus dubtes sobre kinesiolog\u00eda hol\u00edstica i benestar integral.\" \/>\n<meta name=\"robots\" content=\"index, follow, max-snippet:-1, max-image-preview:large, max-video-preview:-1\" \/>\n<link rel=\"canonical\" href=\"https:\/\/shenit.es\/ca\/contacta-amb-shenit-kinesiologia-a-sabadell\/\" \/>\n<meta property=\"og:locale\" content=\"ca_ES\" \/>\n<meta property=\"og:type\" content=\"article\" \/>\n<meta property=\"og:title\" content=\"Contacta amb Shenit Kinesiolog\u00eda a Sabadell\" \/>\n<meta property=\"og:description\" content=\"Contacta amb Shenit Kinesiolog\u00eda a Sabadell. Reserva la teva sessi\u00f3 o resol els teus dubtes sobre kinesiolog\u00eda hol\u00edstica i benestar integral.\" \/>\n<meta property=\"og:url\" content=\"https:\/\/shenit.es\/ca\/contacta-amb-shenit-kinesiologia-a-sabadell\/\" \/>\n<meta property=\"og:site_name\" content=\"Shenit\" \/>\n<meta property=\"article:modified_time\" content=\"2026-01-28T08:37:32+00:00\" \/>\n<meta property=\"og:image\" content=\"https:\/\/shenit.es\/wp-content\/uploads\/2026\/01\/fotos-shenit-1.webp\" \/>\n\t<meta property=\"og:image:width\" content=\"1200\" \/>\n\t<meta property=\"og:image:height\" content=\"1200\" \/>\n\t<meta property=\"og:image:type\" content=\"image\/webp\" \/>\n<meta name=\"twitter:card\" content=\"summary_large_image\" \/>\n<script type=\"application\/ld+json\" class=\"yoast-schema-graph\">{\"@context\":\"https:\/\/schema.org\",\"@graph\":[{\"@type\":\"WebPage\",\"@id\":\"https:\/\/shenit.es\/ca\/contacta-amb-shenit-kinesiologia-a-sabadell\/\",\"url\":\"https:\/\/shenit.es\/ca\/contacta-amb-shenit-kinesiologia-a-sabadell\/\",\"name\":\"Contacta amb Shenit Kinesiolog\u00eda a Sabadell\",\"isPartOf\":{\"@id\":\"https:\/\/shenit.es\/#website\"},\"primaryImageOfPage\":{\"@id\":\"https:\/\/shenit.es\/ca\/contacta-amb-shenit-kinesiologia-a-sabadell\/#primaryimage\"},\"image\":{\"@id\":\"https:\/\/shenit.es\/ca\/contacta-amb-shenit-kinesiologia-a-sabadell\/#primaryimage\"},\"thumbnailUrl\":\"https:\/\/shenit.es\/wp-content\/uploads\/2026\/01\/fotos-shenit-1.webp\",\"datePublished\":\"2026-01-07T13:50:21+00:00\",\"dateModified\":\"2026-01-28T08:37:32+00:00\",\"description\":\"Contacta amb Shenit Kinesiolog\u00eda a Sabadell. Reserva la teva sessi\u00f3 o resol els teus dubtes sobre kinesiolog\u00eda hol\u00edstica i benestar integral.\",\"breadcrumb\":{\"@id\":\"https:\/\/shenit.es\/ca\/contacta-amb-shenit-kinesiologia-a-sabadell\/#breadcrumb\"},\"inLanguage\":\"ca\",\"potentialAction\":[{\"@type\":\"ReadAction\",\"target\":[\"https:\/\/shenit.es\/ca\/contacta-amb-shenit-kinesiologia-a-sabadell\/\"]}]},{\"@type\":\"ImageObject\",\"inLanguage\":\"ca\",\"@id\":\"https:\/\/shenit.es\/ca\/contacta-amb-shenit-kinesiologia-a-sabadell\/#primaryimage\",\"url\":\"https:\/\/shenit.es\/wp-content\/uploads\/2026\/01\/fotos-shenit-1.webp\",\"contentUrl\":\"https:\/\/shenit.es\/wp-content\/uploads\/2026\/01\/fotos-shenit-1.webp\",\"width\":1200,\"height\":1200},{\"@type\":\"BreadcrumbList\",\"@id\":\"https:\/\/shenit.es\/ca\/contacta-amb-shenit-kinesiologia-a-sabadell\/#breadcrumb\",\"itemListElement\":[{\"@type\":\"ListItem\",\"position\":1,\"name\":\"Portada\",\"item\":\"https:\/\/shenit.es\/ca\/\"},{\"@type\":\"ListItem\",\"position\":2,\"name\":\"Contacta amb Shenit Kinesiolog\u00eda a Sabadell\"}]},{\"@type\":\"WebSite\",\"@id\":\"https:\/\/shenit.es\/#website\",\"url\":\"https:\/\/shenit.es\/\",\"name\":\"Shenit\",\"description\":\"henit Kinesiolog\u00eda en Sabadell: terapias y cursos de kinesiolog\u00eda para equilibrar cuerpo, mente y emociones. Mejora tu salud f\u00edsica, emocional y profesional con t\u00e9cnicas de test muscular, biofeedback y trabajo energ\u00e9tico.\",\"potentialAction\":[{\"@type\":\"SearchAction\",\"target\":{\"@type\":\"EntryPoint\",\"urlTemplate\":\"https:\/\/shenit.es\/?s={search_term_string}\"},\"query-input\":{\"@type\":\"PropertyValueSpecification\",\"valueRequired\":true,\"valueName\":\"search_term_string\"}}],\"inLanguage\":\"ca\"}]}<\/script>\n<!-- \/ Yoast SEO plugin. -->","yoast_head_json":{"title":"Contacta amb Shenit Kinesiolog\u00eda a Sabadell","description":"Contacta amb Shenit Kinesiolog\u00eda a Sabadell. Reserva la teva sessi\u00f3 o resol els teus dubtes sobre kinesiolog\u00eda hol\u00edstica i benestar integral.","robots":{"index":"index","follow":"follow","max-snippet":"max-snippet:-1","max-image-preview":"max-image-preview:large","max-video-preview":"max-video-preview:-1"},"canonical":"https:\/\/shenit.es\/ca\/contacta-amb-shenit-kinesiologia-a-sabadell\/","og_locale":"ca_ES","og_type":"article","og_title":"Contacta amb Shenit Kinesiolog\u00eda a Sabadell","og_description":"Contacta amb Shenit Kinesiolog\u00eda a Sabadell. Reserva la teva sessi\u00f3 o resol els teus dubtes sobre kinesiolog\u00eda hol\u00edstica i benestar integral.","og_url":"https:\/\/shenit.es\/ca\/contacta-amb-shenit-kinesiologia-a-sabadell\/","og_site_name":"Shenit","article_modified_time":"2026-01-28T08:37:32+00:00","og_image":[{"width":1200,"height":1200,"url":"https:\/\/shenit.es\/wp-content\/uploads\/2026\/01\/fotos-shenit-1.webp","type":"image\/webp"}],"twitter_card":"summary_large_image","schema":{"@context":"https:\/\/schema.org","@graph":[{"@type":"WebPage","@id":"https:\/\/shenit.es\/ca\/contacta-amb-shenit-kinesiologia-a-sabadell\/","url":"https:\/\/shenit.es\/ca\/contacta-amb-shenit-kinesiologia-a-sabadell\/","name":"Contacta amb Shenit Kinesiolog\u00eda a Sabadell","isPartOf":{"@id":"https:\/\/shenit.es\/#website"},"primaryImageOfPage":{"@id":"https:\/\/shenit.es\/ca\/contacta-amb-shenit-kinesiologia-a-sabadell\/#primaryimage"},"image":{"@id":"https:\/\/shenit.es\/ca\/contacta-amb-shenit-kinesiologia-a-sabadell\/#primaryimage"},"thumbnailUrl":"https:\/\/shenit.es\/wp-content\/uploads\/2026\/01\/fotos-shenit-1.webp","datePublished":"2026-01-07T13:50:21+00:00","dateModified":"2026-01-28T08:37:32+00:00","description":"Contacta amb Shenit Kinesiolog\u00eda a Sabadell. Reserva la teva sessi\u00f3 o resol els teus dubtes sobre kinesiolog\u00eda hol\u00edstica i benestar integral.","breadcrumb":{"@id":"https:\/\/shenit.es\/ca\/contacta-amb-shenit-kinesiologia-a-sabadell\/#breadcrumb"},"inLanguage":"ca","potentialAction":[{"@type":"ReadAction","target":["https:\/\/shenit.es\/ca\/contacta-amb-shenit-kinesiologia-a-sabadell\/"]}]},{"@type":"ImageObject","inLanguage":"ca","@id":"https:\/\/shenit.es\/ca\/contacta-amb-shenit-kinesiologia-a-sabadell\/#primaryimage","url":"https:\/\/shenit.es\/wp-content\/uploads\/2026\/01\/fotos-shenit-1.webp","contentUrl":"https:\/\/shenit.es\/wp-content\/uploads\/2026\/01\/fotos-shenit-1.webp","width":1200,"height":1200},{"@type":"BreadcrumbList","@id":"https:\/\/shenit.es\/ca\/contacta-amb-shenit-kinesiologia-a-sabadell\/#breadcrumb","itemListElement":[{"@type":"ListItem","position":1,"name":"Portada","item":"https:\/\/shenit.es\/ca\/"},{"@type":"ListItem","position":2,"name":"Contacta amb Shenit Kinesiolog\u00eda a Sabadell"}]},{"@type":"WebSite","@id":"https:\/\/shenit.es\/#website","url":"https:\/\/shenit.es\/","name":"Shenit","description":"henit Kinesiolog\u00eda en Sabadell: terapias y cursos de kinesiolog\u00eda para equilibrar cuerpo, mente y emociones. Mejora tu salud f\u00edsica, emocional y profesional con t\u00e9cnicas de test muscular, biofeedback y trabajo energ\u00e9tico.","potentialAction":[{"@type":"SearchAction","target":{"@type":"EntryPoint","urlTemplate":"https:\/\/shenit.es\/?s={search_term_string}"},"query-input":{"@type":"PropertyValueSpecification","valueRequired":true,"valueName":"search_term_string"}}],"inLanguage":"ca"}]}},"_links":{"self":[{"href":"https:\/\/shenit.es\/ca\/wp-json\/wp\/v2\/pages\/1779","targetHints":{"allow":["GET"]}}],"collection":[{"href":"https:\/\/shenit.es\/ca\/wp-json\/wp\/v2\/pages"}],"about":[{"href":"https:\/\/shenit.es\/ca\/wp-json\/wp\/v2\/types\/page"}],"author":[{"embeddable":true,"href":"https:\/\/shenit.es\/ca\/wp-json\/wp\/v2\/users\/1"}],"replies":[{"embeddable":true,"href":"https:\/\/shenit.es\/ca\/wp-json\/wp\/v2\/comments?post=1779"}],"version-history":[{"count":7,"href":"https:\/\/shenit.es\/ca\/wp-json\/wp\/v2\/pages\/1779\/revisions"}],"predecessor-version":[{"id":1812,"href":"https:\/\/shenit.es\/ca\/wp-json\/wp\/v2\/pages\/1779\/revisions\/1812"}],"wp:featuredmedia":[{"embeddable":true,"href":"https:\/\/shenit.es\/ca\/wp-json\/wp\/v2\/media\/1780"}],"wp:attachment":[{"href":"https:\/\/shenit.es\/ca\/wp-json\/wp\/v2\/media?parent=1779"}],"curies":[{"name":"wp","href":"https:\/\/api.w.org\/{rel}","templated":true}]}}