{"id":1784,"date":"2026-01-07T13:49:56","date_gmt":"2026-01-07T13:49:56","guid":{"rendered":"https:\/\/shenit.es\/cursos-de-kinesiologia-a-sabadell\/"},"modified":"2026-03-04T16:19:30","modified_gmt":"2026-03-04T16:19:30","slug":"cursos-de-kinesiologia-a-sabadell","status":"publish","type":"page","link":"https:\/\/shenit.es\/ca\/cursos-de-kinesiologia-a-sabadell\/","title":{"rendered":"Cursos de kinesiolog\u00eda a Sabadell"},"content":{"rendered":"\t\t<div data-elementor-type=\"wp-page\" data-elementor-id=\"1784\" class=\"elementor elementor-1784 elementor-20\" data-elementor-post-type=\"page\">\n\t\t\t\t<div class=\"elementor-element elementor-element-cdaf3f9 e-flex e-con-boxed e-con e-parent\" data-id=\"cdaf3f9\" data-element_type=\"container\" data-e-type=\"container\" data-settings=\"{&quot;background_background&quot;:&quot;classic&quot;}\">\n\t\t\t\t\t<div class=\"e-con-inner\">\n\t\t<div class=\"elementor-element elementor-element-8cce082 e-con-full animated-slow e-flex elementor-invisible e-con e-child\" data-id=\"8cce082\" data-element_type=\"container\" data-e-type=\"container\" data-settings=\"{&quot;animation&quot;:&quot;fadeIn&quot;}\">\n\t\t\t\t<div class=\"elementor-element elementor-element-822def8 elementor-widget__width-auto elementor-widget elementor-widget-heading\" data-id=\"822def8\" data-element_type=\"widget\" data-e-type=\"widget\" data-widget_type=\"heading.default\">\n\t\t\t\t\t<h2 class=\"elementor-heading-title elementor-size-default\">Aprendre, integrar i acompanyar<\/h2>\t\t\t\t<\/div>\n\t\t<div class=\"elementor-element elementor-element-e4fa3fd e-con-full e-flex e-con e-child\" data-id=\"e4fa3fd\" data-element_type=\"container\" data-e-type=\"container\">\n\t\t\t\t<div class=\"elementor-element elementor-element-0726d81 elementor-widget__width-initial elementor-widget elementor-widget-text-editor\" data-id=\"0726d81\" data-element_type=\"widget\" data-e-type=\"widget\" data-widget_type=\"text-editor.default\">\n\t\t\t\t\t\t\t\t\t<p>Els <strong>cursos de kinesiolog\u00eda a Sabadell <\/strong>de Shenit estan pensats per als qui desitgen aprofundir en aquesta t\u00e8cnica, ja sigui per al seu propi creixement personal o per a acompanyar a altres persones des d&#8217;una comprensi\u00f3 m\u00e9s profunda del cos, l&#8217;emoci\u00f3 i l&#8217;energia.<\/p>\n<p>La nostra <strong>formaci\u00f3 en kinesiolog\u00eda <\/strong>combina teoria, pr\u00e0ctica i experi\u00e8ncia directa, respectant el ritme d&#8217;integraci\u00f3 de cada alumne.<\/p>\t\t\t\t\t\t\t\t<\/div>\n\t\t\t\t<\/div>\n\t\t\t\t<\/div>\n\t\t\t\t\t<\/div>\n\t\t\t\t<\/div>\n\t\t<div class=\"elementor-element elementor-element-aaacf61 e-flex e-con-boxed e-con e-parent\" data-id=\"aaacf61\" data-element_type=\"container\" data-e-type=\"container\" data-settings=\"{&quot;background_background&quot;:&quot;classic&quot;}\">\n\t\t\t\t\t<div class=\"e-con-inner\">\n\t\t<div class=\"elementor-element elementor-element-66e0331 e-con-full animated-slow e-flex elementor-invisible e-con e-child\" data-id=\"66e0331\" data-element_type=\"container\" data-e-type=\"container\" data-settings=\"{&quot;background_background&quot;:&quot;gradient&quot;,&quot;animation&quot;:&quot;fadeInLeft&quot;}\">\n\t\t\t\t<div class=\"elementor-element elementor-element-25c04b0 elementor-widget-mobile__width-auto elementor-widget elementor-widget-heading\" data-id=\"25c04b0\" data-element_type=\"widget\" data-e-type=\"widget\" data-widget_type=\"heading.default\">\n\t\t\t\t\t<span class=\"elementor-heading-title elementor-size-default\">Primer curs<\/span>\t\t\t\t<\/div>\n\t\t\t\t<div class=\"elementor-element elementor-element-a2cb710 elementor-widget__width-auto elementor-widget-mobile__width-initial elementor-widget elementor-widget-heading\" data-id=\"a2cb710\" data-element_type=\"widget\" data-e-type=\"widget\" data-widget_type=\"heading.default\">\n\t\t\t\t\t<h2 class=\"elementor-heading-title elementor-size-default\">Kinesiolog\u00eda Emocional\n<\/h2>\t\t\t\t<\/div>\n\t\t\t\t<div class=\"elementor-element elementor-element-f1184a6 elementor-widget-mobile__width-inherit elementor-widget elementor-widget-heading\" data-id=\"f1184a6\" data-element_type=\"widget\" data-e-type=\"widget\" data-widget_type=\"heading.default\">\n\t\t\t\t\t<h3 class=\"elementor-heading-title elementor-size-default\">Compr\u00e8n i regula el m\u00f3n emocional<\/h3>\t\t\t\t<\/div>\n\t\t\t\t<div class=\"elementor-element elementor-element-aa6d887 elementor-widget-mobile__width-inherit elementor-widget elementor-widget-heading\" data-id=\"aa6d887\" data-element_type=\"widget\" data-e-type=\"widget\" data-widget_type=\"heading.default\">\n\t\t\t\t\t<p class=\"elementor-heading-title elementor-size-default\">Aquest curs se centra en el treball amb el cos emocional a trav\u00e9s de la kinesiolog\u00eda. Aprendr\u00e0s a identificar i acompanyar emocions com la ira, la r\u00e0bia, la baixa autoestima o la hipersensibilitat, aix\u00ed com a alliberar la c\u00e0rrega emocional associada a experi\u00e8ncies i relacions del passat que encara influeixen en el teu present. <\/p>\t\t\t\t<\/div>\n\t\t\t\t<div class=\"elementor-element elementor-element-efba06b elementor-widget-mobile__width-inherit elementor-widget elementor-widget-heading\" data-id=\"efba06b\" data-element_type=\"widget\" data-e-type=\"widget\" data-widget_type=\"heading.default\">\n\t\t\t\t\t<p class=\"elementor-heading-title elementor-size-default\">Al llarg de la formaci\u00f3, s'ensenya a realitzar el test muscular AR i a calibrar el teu propi cos per a obtenir respostes clares i fiables. Una vegada integrat aquest enfocament, podr\u00e0s regular el teu estat emocional i acompanyar processos emocionals en altres persones de manera conscient i respectuosa. <\/p>\t\t\t\t<\/div>\n\t\t\t\t<div class=\"elementor-element elementor-element-5101be2 elementor-widget-mobile__width-inherit elementor-widget elementor-widget-heading\" data-id=\"5101be2\" data-element_type=\"widget\" data-e-type=\"widget\" data-widget_type=\"heading.default\">\n\t\t\t\t\t<span class=\"elementor-heading-title elementor-size-default\">Com es desenvolupa\n<\/span>\t\t\t\t<\/div>\n\t\t\t\t<div class=\"elementor-element elementor-element-ae6b207 elementor-widget-mobile__width-inherit elementor-widget elementor-widget-heading\" data-id=\"ae6b207\" data-element_type=\"widget\" data-e-type=\"widget\" data-widget_type=\"heading.default\">\n\t\t\t\t\t<p class=\"elementor-heading-title elementor-size-default\">La formaci\u00f3 es realitza en <b>4 sessions<\/b>, combinant explicaci\u00f3, pr\u00e0ctica guiada i treball personal.<\/p>\t\t\t\t<\/div>\n\t\t<div class=\"elementor-element elementor-element-036aaf4 e-con-full e-flex e-con e-child\" data-id=\"036aaf4\" data-element_type=\"container\" data-e-type=\"container\" data-settings=\"{&quot;background_background&quot;:&quot;classic&quot;}\">\n\t\t\t\t<div class=\"elementor-element elementor-element-f114bcf elementor-widget-mobile__width-inherit elementor-widget elementor-widget-heading\" data-id=\"f114bcf\" data-element_type=\"widget\" data-e-type=\"widget\" data-widget_type=\"heading.default\">\n\t\t\t\t\t<span class=\"elementor-heading-title elementor-size-default\">Preu total del curs<\/span>\t\t\t\t<\/div>\n\t\t\t\t<div class=\"elementor-element elementor-element-3d4e2ed elementor-widget elementor-widget-heading\" data-id=\"3d4e2ed\" data-element_type=\"widget\" data-e-type=\"widget\" data-widget_type=\"heading.default\">\n\t\t\t\t\t<p class=\"elementor-heading-title elementor-size-default\">150 \u20ac<\/p>\t\t\t\t<\/div>\n\t\t\t\t<\/div>\n\t\t\t\t<\/div>\n\t\t<div class=\"elementor-element elementor-element-d5d6e8b e-con-full animated-slow e-flex elementor-invisible e-con e-child\" data-id=\"d5d6e8b\" data-element_type=\"container\" data-e-type=\"container\" data-settings=\"{&quot;background_background&quot;:&quot;gradient&quot;,&quot;animation&quot;:&quot;fadeInRight&quot;}\">\n\t\t\t\t<div class=\"elementor-element elementor-element-906df83 elementor-widget-mobile__width-auto elementor-widget elementor-widget-heading\" data-id=\"906df83\" data-element_type=\"widget\" data-e-type=\"widget\" data-widget_type=\"heading.default\">\n\t\t\t\t\t<span class=\"elementor-heading-title elementor-size-default\">Segon curs<\/span>\t\t\t\t<\/div>\n\t\t\t\t<div class=\"elementor-element elementor-element-714b009 elementor-widget__width-auto elementor-widget-mobile__width-initial elementor-widget elementor-widget-heading\" data-id=\"714b009\" data-element_type=\"widget\" data-e-type=\"widget\" data-widget_type=\"heading.default\">\n\t\t\t\t\t<h2 class=\"elementor-heading-title elementor-size-default\">Descobrint el teu &nbsp;jo&nbsp; espiritual<\/h2>\t\t\t\t<\/div>\n\t\t\t\t<div class=\"elementor-element elementor-element-7ace3fb elementor-widget-mobile__width-inherit elementor-widget elementor-widget-heading\" data-id=\"7ace3fb\" data-element_type=\"widget\" data-e-type=\"widget\" data-widget_type=\"heading.default\">\n\t\t\t\t\t<span class=\"elementor-heading-title elementor-size-default\">Reconnecta amb la teva ess\u00e8ncia<\/span>\t\t\t\t<\/div>\n\t\t\t\t<div class=\"elementor-element elementor-element-0540ca1 elementor-widget-mobile__width-inherit elementor-widget elementor-widget-heading\" data-id=\"0540ca1\" data-element_type=\"widget\" data-e-type=\"widget\" data-widget_type=\"heading.default\">\n\t\t\t\t\t<p class=\"elementor-heading-title elementor-size-default\">Aquest curs est\u00e0 orientat a un treball m\u00e9s profund d'autoconeixement i transformaci\u00f3 interior. A trav\u00e9s de la kinesiolog\u00eda, s'acompanyen processos d'alliberament de patrons negatius arrelats, permetent que emergeixin les teves veritables capacitats i una relaci\u00f3 m\u00e9s conscient amb l'abund\u00e0ncia i la dimensi\u00f3 espiritual de la teva vida. <\/p>\t\t\t\t<\/div>\n\t\t\t\t<div class=\"elementor-element elementor-element-9834ffc elementor-widget-mobile__width-inherit elementor-widget elementor-widget-heading\" data-id=\"9834ffc\" data-element_type=\"widget\" data-e-type=\"widget\" data-widget_type=\"heading.default\">\n\t\t\t\t\t<p class=\"elementor-heading-title elementor-size-default\">La formaci\u00f3 convida a revisar la teva relaci\u00f3 amb el transcendent, amb el teu prop\u00f2sit i amb all\u00f2 que dona sentit a la teva experi\u00e8ncia vital, afavorint canvis duradors que s'integren de manera natural en el teu dia a dia.<\/p>\t\t\t\t<\/div>\n\t\t\t\t<div class=\"elementor-element elementor-element-bef0724 elementor-widget-mobile__width-inherit elementor-widget elementor-widget-heading\" data-id=\"bef0724\" data-element_type=\"widget\" data-e-type=\"widget\" data-widget_type=\"heading.default\">\n\t\t\t\t\t<span class=\"elementor-heading-title elementor-size-default\">Com es desenvolupa\n<\/span>\t\t\t\t<\/div>\n\t\t\t\t<div class=\"elementor-element elementor-element-81461d4 elementor-widget-mobile__width-inherit elementor-widget elementor-widget-heading\" data-id=\"81461d4\" data-element_type=\"widget\" data-e-type=\"widget\" data-widget_type=\"heading.default\">\n\t\t\t\t\t<p class=\"elementor-heading-title elementor-size-default\">El curs es duu a terme en<b> 6 sessions<\/b>, amb un enfocament progressiu i experiencial.<\/p>\t\t\t\t<\/div>\n\t\t<div class=\"elementor-element elementor-element-ba59a3d e-con-full e-flex e-con e-child\" data-id=\"ba59a3d\" data-element_type=\"container\" data-e-type=\"container\" data-settings=\"{&quot;background_background&quot;:&quot;classic&quot;}\">\n\t\t\t\t<div class=\"elementor-element elementor-element-7dbadf1 elementor-widget-mobile__width-inherit elementor-widget elementor-widget-heading\" data-id=\"7dbadf1\" data-element_type=\"widget\" data-e-type=\"widget\" data-widget_type=\"heading.default\">\n\t\t\t\t\t<span class=\"elementor-heading-title elementor-size-default\">Preu total del curs<\/span>\t\t\t\t<\/div>\n\t\t\t\t<div class=\"elementor-element elementor-element-3da661f elementor-widget elementor-widget-heading\" data-id=\"3da661f\" data-element_type=\"widget\" data-e-type=\"widget\" data-widget_type=\"heading.default\">\n\t\t\t\t\t<p class=\"elementor-heading-title elementor-size-default\">250 \u20ac<\/p>\t\t\t\t<\/div>\n\t\t\t\t<\/div>\n\t\t\t\t<\/div>\n\t\t\t\t\t<\/div>\n\t\t\t\t<\/div>\n\t\t<div class=\"elementor-element elementor-element-b792c81 e-flex e-con-boxed e-con e-parent\" data-id=\"b792c81\" data-element_type=\"container\" data-e-type=\"container\" data-settings=\"{&quot;background_background&quot;:&quot;classic&quot;}\">\n\t\t\t\t\t<div class=\"e-con-inner\">\n\t\t<div class=\"elementor-element elementor-element-19a1813 e-con-full e-flex e-con e-child\" data-id=\"19a1813\" data-element_type=\"container\" data-e-type=\"container\">\n\t\t\t\t<div class=\"elementor-element elementor-element-d4889cf elementor-widget__width-initial animated-slow elementor-widget-laptop__width-inherit elementor-invisible elementor-widget elementor-widget-heading\" data-id=\"d4889cf\" data-element_type=\"widget\" data-e-type=\"widget\" data-settings=\"{&quot;_animation&quot;:&quot;fadeIn&quot;}\" data-widget_type=\"heading.default\">\n\t\t\t\t\t<span class=\"elementor-heading-title elementor-size-default\">\u201cEl Senyor est\u00e0 prop dels qui tenen el cor trencat i salva els d'esperit abatut.\u201d<\/span>\t\t\t\t<\/div>\n\t\t\t\t<\/div>\n\t\t\t\t\t<\/div>\n\t\t\t\t<\/div>\n\t\t<div class=\"elementor-element elementor-element-81a17a1 e-con-full animated-slow e-flex elementor-invisible e-con e-child\" data-id=\"81a17a1\" data-element_type=\"container\" data-e-type=\"container\" data-settings=\"{&quot;animation&quot;:&quot;fadeInUp&quot;}\">\n\t\t\t\t<div class=\"elementor-element elementor-element-c11d9b2 elementor-widget__width-auto elementor-widget-mobile__width-inherit elementor-widget elementor-widget-heading\" data-id=\"c11d9b2\" data-element_type=\"widget\" data-e-type=\"widget\" data-widget_type=\"heading.default\">\n\t\t\t\t\t<span class=\"elementor-heading-title elementor-size-default\">Sol\u00b7licita informaci\u00f3 o reserva la teva pla\u00e7a<\/span>\t\t\t\t<\/div>\n\t\t\t\t<div class=\"elementor-element elementor-element-1968ccb elementor-widget__width-initial elementor-widget elementor-widget-heading\" data-id=\"1968ccb\" data-element_type=\"widget\" data-e-type=\"widget\" data-widget_type=\"heading.default\">\n\t\t\t\t\t<p class=\"elementor-heading-title elementor-size-default\">Si sents que ha arribat el moment d'aprendre kinesiolog\u00eda a Sabadell, en Shenit estarem encantats d'acompanyar-te.<\/p>\t\t\t\t<\/div>\n\t\t<div class=\"elementor-element elementor-element-60a8897 e-con-full e-flex elementor-invisible e-con e-child\" data-id=\"60a8897\" data-element_type=\"container\" data-e-type=\"container\" data-settings=\"{&quot;animation&quot;:&quot;fadeInDown&quot;,&quot;animation_delay&quot;:1000}\">\n\t\t\t\t<div class=\"elementor-element elementor-element-a90319a elementor-widget elementor-widget-image\" data-id=\"a90319a\" data-element_type=\"widget\" data-e-type=\"widget\" data-widget_type=\"image.default\">\n\t\t\t\t\t\t\t\t\t\t\t\t\t\t\t<img fetchpriority=\"high\" decoding=\"async\" width=\"300\" height=\"300\" src=\"https:\/\/shenit.es\/wp-content\/uploads\/2026\/01\/down-arrow.gif\" class=\"attachment-large size-large wp-image-549\" alt=\"\" \/>\t\t\t\t\t\t\t\t\t\t\t\t\t\t\t<\/div>\n\t\t\t\t<\/div>\n\t\t\t\t<\/div>\n\t\t\t\t<\/div>\n\t\t","protected":false},"excerpt":{"rendered":"<p>Aprendre, integrar i acompanyar Els cursos de kinesiolog\u00eda a Sabadell de Shenit estan pensats per als qui desitgen aprofundir en aquesta t\u00e8cnica, ja sigui per al seu propi creixement personal o per a acompanyar a altres persones des d&#8217;una comprensi\u00f3 m\u00e9s profunda del cos, l&#8217;emoci\u00f3 i l&#8217;energia. La nostra formaci\u00f3 en kinesiolog\u00eda combina teoria, pr\u00e0ctica [&hellip;]<\/p>\n","protected":false},"author":1,"featured_media":1785,"parent":0,"menu_order":0,"comment_status":"closed","ping_status":"closed","template":"","meta":{"_acf_changed":false,"_joinchat":[],"footnotes":""},"class_list":["post-1784","page","type-page","status-publish","has-post-thumbnail","hentry"],"acf":[],"yoast_head":"<!-- This site is optimized with the Yoast SEO plugin v27.0 - https:\/\/yoast.com\/product\/yoast-seo-wordpress\/ -->\n<title>Cursos per a aprendre Kinesiolog\u00eda a Sabadell | Kinesiolog\u00eda Shenit<\/title>\n<meta name=\"description\" content=\"Formaci\u00f3 i cursos de kinesiolog\u00eda a Sabadell. Apr\u00e8n kinesiolog\u00eda emocional i espiritual amb enfocament pr\u00e0ctic i vivencial. Informa&#039;t!\" \/>\n<meta name=\"robots\" content=\"index, follow, max-snippet:-1, max-image-preview:large, max-video-preview:-1\" \/>\n<link rel=\"canonical\" href=\"https:\/\/shenit.es\/cursos-kinesiologia\/\" \/>\n<meta property=\"og:locale\" content=\"ca_ES\" \/>\n<meta property=\"og:type\" content=\"article\" \/>\n<meta property=\"og:title\" content=\"Cursos per a aprendre Kinesiolog\u00eda a Sabadell | Kinesiolog\u00eda Shenit\" \/>\n<meta property=\"og:description\" content=\"Formaci\u00f3 i cursos de kinesiolog\u00eda a Sabadell. Apr\u00e8n kinesiolog\u00eda emocional i espiritual amb enfocament pr\u00e0ctic i vivencial. Informa&#039;t!\" \/>\n<meta property=\"og:url\" content=\"https:\/\/shenit.es\/cursos-kinesiologia\/\" \/>\n<meta property=\"og:site_name\" content=\"Shenit\" \/>\n<meta property=\"article:modified_time\" content=\"2026-03-04T16:19:30+00:00\" \/>\n<meta property=\"og:image\" content=\"https:\/\/shenit.es\/wp-content\/uploads\/2026\/01\/fotos-shenit-14.webp\" \/>\n\t<meta property=\"og:image:width\" content=\"1200\" \/>\n\t<meta property=\"og:image:height\" content=\"1200\" \/>\n\t<meta property=\"og:image:type\" content=\"image\/webp\" \/>\n<meta name=\"twitter:card\" content=\"summary_large_image\" \/>\n<meta name=\"twitter:label1\" content=\"Temps estimat de lectura\" \/>\n\t<meta name=\"twitter:data1\" content=\"2 minuts\" \/>\n<script type=\"application\/ld+json\" class=\"yoast-schema-graph\">{\"@context\":\"https:\/\/schema.org\",\"@graph\":[{\"@type\":\"WebPage\",\"@id\":\"https:\/\/shenit.es\/cursos-kinesiologia\/\",\"url\":\"https:\/\/shenit.es\/cursos-kinesiologia\/\",\"name\":\"Cursos per a aprendre Kinesiolog\u00eda a Sabadell | Kinesiolog\u00eda Shenit\",\"isPartOf\":{\"@id\":\"https:\/\/shenit.es\/#website\"},\"primaryImageOfPage\":{\"@id\":\"https:\/\/shenit.es\/cursos-kinesiologia\/#primaryimage\"},\"image\":{\"@id\":\"https:\/\/shenit.es\/cursos-kinesiologia\/#primaryimage\"},\"thumbnailUrl\":\"https:\/\/shenit.es\/wp-content\/uploads\/2026\/01\/fotos-shenit-14.webp\",\"datePublished\":\"2026-01-07T13:49:56+00:00\",\"dateModified\":\"2026-03-04T16:19:30+00:00\",\"description\":\"Formaci\u00f3 i cursos de kinesiolog\u00eda a Sabadell. Apr\u00e8n kinesiolog\u00eda emocional i espiritual amb enfocament pr\u00e0ctic i vivencial. Informa't!\",\"breadcrumb\":{\"@id\":\"https:\/\/shenit.es\/cursos-kinesiologia\/#breadcrumb\"},\"inLanguage\":\"ca\",\"potentialAction\":[{\"@type\":\"ReadAction\",\"target\":[\"https:\/\/shenit.es\/cursos-kinesiologia\/\"]}]},{\"@type\":\"ImageObject\",\"inLanguage\":\"ca\",\"@id\":\"https:\/\/shenit.es\/cursos-kinesiologia\/#primaryimage\",\"url\":\"https:\/\/shenit.es\/wp-content\/uploads\/2026\/01\/fotos-shenit-14.webp\",\"contentUrl\":\"https:\/\/shenit.es\/wp-content\/uploads\/2026\/01\/fotos-shenit-14.webp\",\"width\":1200,\"height\":1200},{\"@type\":\"BreadcrumbList\",\"@id\":\"https:\/\/shenit.es\/cursos-kinesiologia\/#breadcrumb\",\"itemListElement\":[{\"@type\":\"ListItem\",\"position\":1,\"name\":\"Portada\",\"item\":\"https:\/\/shenit.es\/ca\/\"},{\"@type\":\"ListItem\",\"position\":2,\"name\":\"Cursos de kinesiolog\u00eda a Sabadell\"}]},{\"@type\":\"WebSite\",\"@id\":\"https:\/\/shenit.es\/#website\",\"url\":\"https:\/\/shenit.es\/\",\"name\":\"Shenit\",\"description\":\"henit Kinesiolog\u00eda en Sabadell: terapias y cursos de kinesiolog\u00eda para equilibrar cuerpo, mente y emociones. Mejora tu salud f\u00edsica, emocional y profesional con t\u00e9cnicas de test muscular, biofeedback y trabajo energ\u00e9tico.\",\"potentialAction\":[{\"@type\":\"SearchAction\",\"target\":{\"@type\":\"EntryPoint\",\"urlTemplate\":\"https:\/\/shenit.es\/?s={search_term_string}\"},\"query-input\":{\"@type\":\"PropertyValueSpecification\",\"valueRequired\":true,\"valueName\":\"search_term_string\"}}],\"inLanguage\":\"ca\"}]}<\/script>\n<!-- \/ Yoast SEO plugin. -->","yoast_head_json":{"title":"Cursos per a aprendre Kinesiolog\u00eda a Sabadell | Kinesiolog\u00eda Shenit","description":"Formaci\u00f3 i cursos de kinesiolog\u00eda a Sabadell. Apr\u00e8n kinesiolog\u00eda emocional i espiritual amb enfocament pr\u00e0ctic i vivencial. Informa't!","robots":{"index":"index","follow":"follow","max-snippet":"max-snippet:-1","max-image-preview":"max-image-preview:large","max-video-preview":"max-video-preview:-1"},"canonical":"https:\/\/shenit.es\/cursos-kinesiologia\/","og_locale":"ca_ES","og_type":"article","og_title":"Cursos per a aprendre Kinesiolog\u00eda a Sabadell | Kinesiolog\u00eda Shenit","og_description":"Formaci\u00f3 i cursos de kinesiolog\u00eda a Sabadell. Apr\u00e8n kinesiolog\u00eda emocional i espiritual amb enfocament pr\u00e0ctic i vivencial. Informa't!","og_url":"https:\/\/shenit.es\/cursos-kinesiologia\/","og_site_name":"Shenit","article_modified_time":"2026-03-04T16:19:30+00:00","og_image":[{"width":1200,"height":1200,"url":"https:\/\/shenit.es\/wp-content\/uploads\/2026\/01\/fotos-shenit-14.webp","type":"image\/webp"}],"twitter_card":"summary_large_image","twitter_misc":{"Temps estimat de lectura":"2 minuts"},"schema":{"@context":"https:\/\/schema.org","@graph":[{"@type":"WebPage","@id":"https:\/\/shenit.es\/cursos-kinesiologia\/","url":"https:\/\/shenit.es\/cursos-kinesiologia\/","name":"Cursos per a aprendre Kinesiolog\u00eda a Sabadell | Kinesiolog\u00eda Shenit","isPartOf":{"@id":"https:\/\/shenit.es\/#website"},"primaryImageOfPage":{"@id":"https:\/\/shenit.es\/cursos-kinesiologia\/#primaryimage"},"image":{"@id":"https:\/\/shenit.es\/cursos-kinesiologia\/#primaryimage"},"thumbnailUrl":"https:\/\/shenit.es\/wp-content\/uploads\/2026\/01\/fotos-shenit-14.webp","datePublished":"2026-01-07T13:49:56+00:00","dateModified":"2026-03-04T16:19:30+00:00","description":"Formaci\u00f3 i cursos de kinesiolog\u00eda a Sabadell. Apr\u00e8n kinesiolog\u00eda emocional i espiritual amb enfocament pr\u00e0ctic i vivencial. Informa't!","breadcrumb":{"@id":"https:\/\/shenit.es\/cursos-kinesiologia\/#breadcrumb"},"inLanguage":"ca","potentialAction":[{"@type":"ReadAction","target":["https:\/\/shenit.es\/cursos-kinesiologia\/"]}]},{"@type":"ImageObject","inLanguage":"ca","@id":"https:\/\/shenit.es\/cursos-kinesiologia\/#primaryimage","url":"https:\/\/shenit.es\/wp-content\/uploads\/2026\/01\/fotos-shenit-14.webp","contentUrl":"https:\/\/shenit.es\/wp-content\/uploads\/2026\/01\/fotos-shenit-14.webp","width":1200,"height":1200},{"@type":"BreadcrumbList","@id":"https:\/\/shenit.es\/cursos-kinesiologia\/#breadcrumb","itemListElement":[{"@type":"ListItem","position":1,"name":"Portada","item":"https:\/\/shenit.es\/ca\/"},{"@type":"ListItem","position":2,"name":"Cursos de kinesiolog\u00eda a Sabadell"}]},{"@type":"WebSite","@id":"https:\/\/shenit.es\/#website","url":"https:\/\/shenit.es\/","name":"Shenit","description":"henit Kinesiolog\u00eda en Sabadell: terapias y cursos de kinesiolog\u00eda para equilibrar cuerpo, mente y emociones. Mejora tu salud f\u00edsica, emocional y profesional con t\u00e9cnicas de test muscular, biofeedback y trabajo energ\u00e9tico.","potentialAction":[{"@type":"SearchAction","target":{"@type":"EntryPoint","urlTemplate":"https:\/\/shenit.es\/?s={search_term_string}"},"query-input":{"@type":"PropertyValueSpecification","valueRequired":true,"valueName":"search_term_string"}}],"inLanguage":"ca"}]}},"_links":{"self":[{"href":"https:\/\/shenit.es\/ca\/wp-json\/wp\/v2\/pages\/1784","targetHints":{"allow":["GET"]}}],"collection":[{"href":"https:\/\/shenit.es\/ca\/wp-json\/wp\/v2\/pages"}],"about":[{"href":"https:\/\/shenit.es\/ca\/wp-json\/wp\/v2\/types\/page"}],"author":[{"embeddable":true,"href":"https:\/\/shenit.es\/ca\/wp-json\/wp\/v2\/users\/1"}],"replies":[{"embeddable":true,"href":"https:\/\/shenit.es\/ca\/wp-json\/wp\/v2\/comments?post=1784"}],"version-history":[{"count":4,"href":"https:\/\/shenit.es\/ca\/wp-json\/wp\/v2\/pages\/1784\/revisions"}],"predecessor-version":[{"id":2117,"href":"https:\/\/shenit.es\/ca\/wp-json\/wp\/v2\/pages\/1784\/revisions\/2117"}],"wp:featuredmedia":[{"embeddable":true,"href":"https:\/\/shenit.es\/ca\/wp-json\/wp\/v2\/media\/1785"}],"wp:attachment":[{"href":"https:\/\/shenit.es\/ca\/wp-json\/wp\/v2\/media?parent=1784"}],"curies":[{"name":"wp","href":"https:\/\/api.w.org\/{rel}","templated":true}]}}