{"id":1813,"date":"2026-01-07T13:50:46","date_gmt":"2026-01-07T13:50:46","guid":{"rendered":"https:\/\/shenit.es\/avis-legal\/"},"modified":"2026-01-28T10:18:21","modified_gmt":"2026-01-28T10:18:21","slug":"avis-legal","status":"publish","type":"page","link":"https:\/\/shenit.es\/ca\/avis-legal\/","title":{"rendered":"Av\u00eds legal"},"content":{"rendered":"\t\t<div data-elementor-type=\"wp-page\" data-elementor-id=\"1813\" class=\"elementor elementor-1813 elementor-24\" data-elementor-post-type=\"page\">\n\t\t\t\t<div class=\"elementor-element elementor-element-34a4e4c e-flex e-con-boxed e-con e-parent\" data-id=\"34a4e4c\" data-element_type=\"container\" data-e-type=\"container\">\n\t\t\t\t\t<div class=\"e-con-inner\">\n\t\t\t\t<div class=\"elementor-element elementor-element-4929626 elementor-widget elementor-widget-text-editor\" data-id=\"4929626\" data-element_type=\"widget\" data-e-type=\"widget\" data-widget_type=\"text-editor.default\">\n\t\t\t\t\t\t\t\t\t<h2>LLEI DELS SERVEIS DE LA SOCIETAT DE LA INFORMACI\u00d3 (LSSI)<\/h2> <span>Shenit Kinesolog\u00eda<\/span>, responsable del lloc web, d\u2019ara endavant RESPONSABLE, posa a disposici\u00f3 dels usuaris el present document, amb el qual pret\u00e9n donar compliment a les obligacions disposades a la Llei 34\/2002, d\u201911 de juliol, de Serveis de la Societat de la Informaci\u00f3 i de Comer\u00e7 Electr\u00f2nic (LSSICE), BOE n\u00fam. 166, aix\u00ed com informar tots els usuaris del lloc web sobre quines s\u00f3n les condicions d\u2019\u00fas.\n\nTota persona que accedeixi a aquest lloc web assumeix el paper d\u2019usuari, comprometent-se a l\u2019observan\u00e7a i compliment rigor\u00f3s de les disposicions aqu\u00ed establertes, aix\u00ed com de qualsevol altra disposici\u00f3 legal que sigui aplicable.\n\n<span>Shenit Kinesolog\u00eda<\/span> es reserva el dret de modificar qualsevol tipus d\u2019informaci\u00f3 que pugui apar\u00e8ixer al lloc web, sense que existeixi l\u2019obligaci\u00f3 de preavisar o posar en coneixement dels usuaris aquestes modificacions, entenent-se com a suficient la publicaci\u00f3 al lloc web de Shenit Kinesolog\u00eda.\n\n<h2>1. DADES IDENTIFICATIVES<\/h2> Nom de domini: https:\/\/shenit.es\/<br> Nom comercial: Shenit Kinesolog\u00eda<br> Domicili social: Roger de Flor 121 &#8211; Local PB, 08205, Sabadell<br> Tel\u00e8fon: (+34) 678 26 17 22<br> E-mail: info@shenit.es<br><br> <h2>2. DRETS DE PROPIETAT INTEL\u00b7LECTUAL I INDUSTRIAL<\/h2> <p>El lloc web, incloent-hi a t\u00edtol enunciatiu per\u00f2 no limitatiu la seva programaci\u00f3, edici\u00f3, compilaci\u00f3 i la resta d\u2019elements necessaris per al seu funcionament, els dissenys, logotips, text i\/o gr\u00e0fics, s\u00f3n propietat del RESPONSABLE o, si escau, disposa de llic\u00e8ncia o autoritzaci\u00f3 expressa per part dels autors. Tots els continguts del lloc web es troben degudament protegits per la normativa de propietat intel\u00b7lectual i industrial, aix\u00ed com inscrits als registres p\u00fablics corresponents. Independentment de la finalitat per a la qual fossin destinats, la reproducci\u00f3 total o parcial, \u00fas, explotaci\u00f3, distribuci\u00f3 i comercialitzaci\u00f3 requereixen, en tot cas, l\u2019autoritzaci\u00f3 escrita pr\u00e8via per part del RESPONSABLE. Qualsevol \u00fas no autoritzat pr\u00e8viament es considera un incompliment greu dels drets de propietat intel\u00b7lectual o industrial de l\u2019autor.<\/p> <p>Els dissenys, logotips, text i\/o gr\u00e0fics aliens al RESPONSABLE i que puguin apar\u00e8ixer al lloc web pertanyen als seus respectius propietaris, sent aquests mateixos responsables de qualsevol possible controv\u00e8rsia que pugui suscitar-se respecte als mateixos. El RESPONSABLE autoritza expressament que tercers puguin redirigir directament als continguts concrets del lloc web i, en tot cas, redirigir al lloc web principal de <span style=\"font-weight: bold; font-size: 1rem;\">info@shenit.es<\/span><\/p> <p>El RESPONSABLE reconeix a favor dels seus titulars els corresponents drets de propietat intel\u00b7lectual i industrial, no implicant la seva sola menci\u00f3 o aparici\u00f3 al lloc web l\u2019exist\u00e8ncia de drets o responsabilitat alguna sobre els mateixos, ni tampoc suport, patrocini o recomanaci\u00f3 per part del mateix.<\/p> <p>Per realitzar qualsevol tipus d\u2019observaci\u00f3 respecte a possibles incompliments dels drets de propietat intel\u00b7lectual o industrial, aix\u00ed com sobre qualsevol dels continguts del lloc web, pot fer-ho a trav\u00e9s del correu electr\u00f2nic info@shenit.es.<\/p> <h2>3. EXEMPCI\u00d3 DE RESPONSABILITATS<\/h2> <p>El RESPONSABLE s\u2019eximeix de qualsevol tipus de responsabilitat derivada de la informaci\u00f3 publicada al seu lloc web sempre que no tingui coneixement efectiu que aquesta informaci\u00f3 hagi estat manipulada o introdu\u00efda per un tercer ali\u00e8 al mateix o, si en t\u00e9 coneixement, hagi actuat amb dilig\u00e8ncia per retirar les dades o fer impossible l\u2019acc\u00e9s a aquestes.<\/p> <p><strong>\u00das de cookies<\/strong><\/p> <p>Aquest lloc web pot utilitzar cookies t\u00e8cniques (petits arxius d\u2019informaci\u00f3 que el servidor envia a l\u2019ordinador de qui accedeix a la p\u00e0gina) per dur a terme determinades funcions que s\u00f3n considerades imprescindibles per al correcte funcionament i visualitzaci\u00f3 del lloc. Les cookies utilitzades tenen, en tot cas, car\u00e0cter temporal, amb l\u2019\u00fanica finalitat de fer m\u00e9s efica\u00e7 la navegaci\u00f3, i desapareixen en finalitzar la sessi\u00f3 de l\u2019usuari. En cap cas, aquestes cookies proporcionen per si mateixes dades de car\u00e0cter personal i no s\u2019utilitzaran per a la recollida de les mateixes.<\/p> <p>Mitjan\u00e7ant l\u2019\u00fas de cookies tamb\u00e9 \u00e9s possible que el servidor on es troba el web reconegui el navegador utilitzat per l\u2019usuari amb la finalitat que la navegaci\u00f3 sigui m\u00e9s senzilla, permetent, per exemple, l\u2019acc\u00e9s dels usuaris que s\u2019hagin registrat pr\u00e8viament a les \u00e0rees, serveis, promocions o concursos reservats exclusivament a ells sense haver de registrar-se en cada visita. Tamb\u00e9 es poden utilitzar per mesurar l\u2019audi\u00e8ncia, par\u00e0metres de tr\u00e0nsit, controlar el progr\u00e9s i nombre d\u2019entrades, etc., sent en aquests casos cookies prescindibles t\u00e8cnicament, per\u00f2 beneficioses per a l\u2019usuari. Aquest lloc web no instal\u00b7lar\u00e0 cookies prescindibles sense el consentiment previ de l\u2019usuari.<\/p> <p>Aquest lloc web utilitza cookies anal\u00edtiques per habilitar la funci\u00f3 de control de visites \u00faniques amb la finalitat de facilitar-li la navegaci\u00f3. A tot usuari que visita el web se l\u2019informa de l\u2019\u00fas d\u2019aquestes cookies mitjan\u00e7ant un b\u00e0ner flotant, considerant que si accepta el tractament est\u00e0 d\u2019acord amb el seu \u00fas. En el cas d\u2019acceptar el seu \u00fas, el b\u00e0ner desapareixer\u00e0, tot i que en tot moment podr\u00e0 revocar el consentiment i obtenir m\u00e9s informaci\u00f3 consultant la nostra Pol\u00edtica de cookies.<\/p> <p>L\u2019usuari t\u00e9 la possibilitat de configurar el seu navegador per ser alertat de la recepci\u00f3 de cookies i per impedir la seva instal\u00b7laci\u00f3 al seu equip. Si us plau, consulti les instruccions del seu navegador per ampliar aquesta informaci\u00f3.<\/p> <p><strong>Pol\u00edtica d\u2019enlla\u00e7os<\/strong><\/p> <p>Des del lloc web, \u00e9s possible que es redirigeixi a continguts de tercers llocs web. At\u00e8s que el RESPONSABLE no pot controlar sempre els continguts introdu\u00efts per tercers als seus respectius llocs web, no assumeix cap tipus de responsabilitat respecte a aquests continguts. En tot cas, procedir\u00e0 a la retirada immediata de qualsevol contingut que pugui contravenir la legislaci\u00f3 nacional o internacional, la moral o l\u2019ordre p\u00fablic, procedint a la retirada immediata de la redirecci\u00f3 a aquest lloc web, posant en coneixement de les autoritats competents el contingut en q\u00fcesti\u00f3.<\/p> <p>El RESPONSABLE no es fa responsable de la informaci\u00f3 i continguts emmagatzemats, a t\u00edtol enunciatiu per\u00f2 no limitatiu, en f\u00f2rums, xats, generadors de blogs, comentaris, xarxes socials o qualsevol altre mitj\u00e0 que permeti a tercers publicar continguts de forma independent a la p\u00e0gina web del RESPONSABLE. No obstant aix\u00f2, i en compliment del que disposen els articles 11 i 16 de la LSSICE, es posa a disposici\u00f3 de tots els usuaris, autoritats i forces de seguretat, col\u00b7laborant de forma activa en la retirada o, si escau, bloqueig de tots aquells continguts que puguin afectar o contravenir la legislaci\u00f3 nacional o internacional, els drets de tercers o la moral i l\u2019ordre p\u00fablic. En cas que l\u2019usuari consideri que existeix al lloc web algun contingut que pugui ser susceptible d\u2019aquesta classificaci\u00f3, es prega que ho notifiqui de forma immediata a l\u2019administrador del lloc web.<\/p> <p>Aquest lloc web ha estat revisat i provat perqu\u00e8 funcioni correctament. En principi, es pot garantir el correcte funcionament els 365 dies de l\u2019any, les 24 hores del dia. No obstant aix\u00f2, el RESPONSABLE no descarta la possibilitat que existeixin certs errors de programaci\u00f3, o que es produeixin causes de for\u00e7a major, cat\u00e0strofes naturals, vagues o circumst\u00e0ncies semblants que facin impossible l\u2019acc\u00e9s a la p\u00e0gina web.<\/p> <p><strong>Adreces IP<\/strong><\/p> <p>Els servidors del lloc web poden detectar de manera autom\u00e0tica l\u2019adre\u00e7a IP i el nom de domini utilitzats per l\u2019usuari. Una adre\u00e7a IP \u00e9s un n\u00famero assignat autom\u00e0ticament a un ordinador quan aquest es connecta a Internet. Tota aquesta informaci\u00f3 es registra en un fitxer d\u2019activitat del servidor degudament inscrit que permet el posterior processament de les dades amb la finalitat d\u2019obtenir mesuraments \u00fanicament estad\u00edstics que permetin con\u00e8ixer el nombre d\u2019impressions de p\u00e0gines, el nombre de visites realitzades als servidors web, l\u2019ordre de visites, el punt d\u2019acc\u00e9s, etc.<\/p> <h2>4. LLEI APLICABLE I JURISDICCI\u00d3<\/h2> <p>Per a la resoluci\u00f3 de totes les controv\u00e8rsies o q\u00fcestions relacionades amb el present lloc web o amb les activitats que s\u2019hi desenvolupen, ser\u00e0 d\u2019aplicaci\u00f3 la legislaci\u00f3 espanyola, a la qual se sotmeten expressament les parts, sent competents per a la resoluci\u00f3 de tots els conflictes derivats o relacionats amb el seu \u00fas els Jutjats i Tribunals del domicili de l\u2019USUARI o del lloc del compliment de l\u2019obligaci\u00f3.<\/p>\t\t\t\t\t\t\t\t<\/div>\n\t\t\t\t\t<\/div>\n\t\t\t\t<\/div>\n\t\t\t\t<\/div>\n\t\t","protected":false},"excerpt":{"rendered":"<p>LLEI DELS SERVEIS DE LA SOCIETAT DE LA INFORMACI\u00d3 (LSSI) Shenit Kinesolog\u00eda, responsable del lloc web, d\u2019ara endavant RESPONSABLE, posa a disposici\u00f3 dels usuaris el present document, amb el qual pret\u00e9n donar compliment a les obligacions disposades a la Llei 34\/2002, d\u201911 de juliol, de Serveis de la Societat de la Informaci\u00f3 i de Comer\u00e7 [&hellip;]<\/p>\n","protected":false},"author":1,"featured_media":0,"parent":0,"menu_order":0,"comment_status":"closed","ping_status":"closed","template":"","meta":{"_acf_changed":false,"_joinchat":[],"footnotes":""},"class_list":["post-1813","page","type-page","status-publish","hentry"],"acf":[],"yoast_head":"<!-- This site is optimized with the Yoast SEO plugin v27.0 - https:\/\/yoast.com\/product\/yoast-seo-wordpress\/ -->\n<title>Av\u00eds legal - Shenit<\/title>\n<meta name=\"robots\" content=\"index, follow, max-snippet:-1, max-image-preview:large, max-video-preview:-1\" \/>\n<link rel=\"canonical\" href=\"https:\/\/shenit.es\/ca\/avis-legal\/\" \/>\n<meta property=\"og:locale\" content=\"ca_ES\" \/>\n<meta property=\"og:type\" content=\"article\" \/>\n<meta property=\"og:title\" content=\"Av\u00eds legal - Shenit\" \/>\n<meta property=\"og:description\" content=\"LLEI DELS SERVEIS DE LA SOCIETAT DE LA INFORMACI\u00d3 (LSSI) Shenit Kinesolog\u00eda, responsable del lloc web, d\u2019ara endavant RESPONSABLE, posa a disposici\u00f3 dels usuaris el present document, amb el qual pret\u00e9n donar compliment a les obligacions disposades a la Llei 34\/2002, d\u201911 de juliol, de Serveis de la Societat de la Informaci\u00f3 i de Comer\u00e7 [&hellip;]\" \/>\n<meta property=\"og:url\" content=\"https:\/\/shenit.es\/ca\/avis-legal\/\" \/>\n<meta property=\"og:site_name\" content=\"Shenit\" \/>\n<meta property=\"article:modified_time\" content=\"2026-01-28T10:18:21+00:00\" \/>\n<meta name=\"twitter:card\" content=\"summary_large_image\" \/>\n<meta name=\"twitter:label1\" content=\"Temps estimat de lectura\" \/>\n\t<meta name=\"twitter:data1\" content=\"8 minuts\" \/>\n<script type=\"application\/ld+json\" class=\"yoast-schema-graph\">{\"@context\":\"https:\/\/schema.org\",\"@graph\":[{\"@type\":\"WebPage\",\"@id\":\"https:\/\/shenit.es\/ca\/avis-legal\/\",\"url\":\"https:\/\/shenit.es\/ca\/avis-legal\/\",\"name\":\"Av\u00eds legal - Shenit\",\"isPartOf\":{\"@id\":\"https:\/\/shenit.es\/#website\"},\"datePublished\":\"2026-01-07T13:50:46+00:00\",\"dateModified\":\"2026-01-28T10:18:21+00:00\",\"breadcrumb\":{\"@id\":\"https:\/\/shenit.es\/ca\/avis-legal\/#breadcrumb\"},\"inLanguage\":\"ca\",\"potentialAction\":[{\"@type\":\"ReadAction\",\"target\":[\"https:\/\/shenit.es\/ca\/avis-legal\/\"]}]},{\"@type\":\"BreadcrumbList\",\"@id\":\"https:\/\/shenit.es\/ca\/avis-legal\/#breadcrumb\",\"itemListElement\":[{\"@type\":\"ListItem\",\"position\":1,\"name\":\"Portada\",\"item\":\"https:\/\/shenit.es\/ca\/\"},{\"@type\":\"ListItem\",\"position\":2,\"name\":\"Av\u00eds legal\"}]},{\"@type\":\"WebSite\",\"@id\":\"https:\/\/shenit.es\/#website\",\"url\":\"https:\/\/shenit.es\/\",\"name\":\"Shenit\",\"description\":\"henit Kinesiolog\u00eda en Sabadell: terapias y cursos de kinesiolog\u00eda para equilibrar cuerpo, mente y emociones. Mejora tu salud f\u00edsica, emocional y profesional con t\u00e9cnicas de test muscular, biofeedback y trabajo energ\u00e9tico.\",\"potentialAction\":[{\"@type\":\"SearchAction\",\"target\":{\"@type\":\"EntryPoint\",\"urlTemplate\":\"https:\/\/shenit.es\/?s={search_term_string}\"},\"query-input\":{\"@type\":\"PropertyValueSpecification\",\"valueRequired\":true,\"valueName\":\"search_term_string\"}}],\"inLanguage\":\"ca\"}]}<\/script>\n<!-- \/ Yoast SEO plugin. -->","yoast_head_json":{"title":"Av\u00eds legal - Shenit","robots":{"index":"index","follow":"follow","max-snippet":"max-snippet:-1","max-image-preview":"max-image-preview:large","max-video-preview":"max-video-preview:-1"},"canonical":"https:\/\/shenit.es\/ca\/avis-legal\/","og_locale":"ca_ES","og_type":"article","og_title":"Av\u00eds legal - Shenit","og_description":"LLEI DELS SERVEIS DE LA SOCIETAT DE LA INFORMACI\u00d3 (LSSI) Shenit Kinesolog\u00eda, responsable del lloc web, d\u2019ara endavant RESPONSABLE, posa a disposici\u00f3 dels usuaris el present document, amb el qual pret\u00e9n donar compliment a les obligacions disposades a la Llei 34\/2002, d\u201911 de juliol, de Serveis de la Societat de la Informaci\u00f3 i de Comer\u00e7 [&hellip;]","og_url":"https:\/\/shenit.es\/ca\/avis-legal\/","og_site_name":"Shenit","article_modified_time":"2026-01-28T10:18:21+00:00","twitter_card":"summary_large_image","twitter_misc":{"Temps estimat de lectura":"8 minuts"},"schema":{"@context":"https:\/\/schema.org","@graph":[{"@type":"WebPage","@id":"https:\/\/shenit.es\/ca\/avis-legal\/","url":"https:\/\/shenit.es\/ca\/avis-legal\/","name":"Av\u00eds legal - Shenit","isPartOf":{"@id":"https:\/\/shenit.es\/#website"},"datePublished":"2026-01-07T13:50:46+00:00","dateModified":"2026-01-28T10:18:21+00:00","breadcrumb":{"@id":"https:\/\/shenit.es\/ca\/avis-legal\/#breadcrumb"},"inLanguage":"ca","potentialAction":[{"@type":"ReadAction","target":["https:\/\/shenit.es\/ca\/avis-legal\/"]}]},{"@type":"BreadcrumbList","@id":"https:\/\/shenit.es\/ca\/avis-legal\/#breadcrumb","itemListElement":[{"@type":"ListItem","position":1,"name":"Portada","item":"https:\/\/shenit.es\/ca\/"},{"@type":"ListItem","position":2,"name":"Av\u00eds legal"}]},{"@type":"WebSite","@id":"https:\/\/shenit.es\/#website","url":"https:\/\/shenit.es\/","name":"Shenit","description":"henit Kinesiolog\u00eda en Sabadell: terapias y cursos de kinesiolog\u00eda para equilibrar cuerpo, mente y emociones. Mejora tu salud f\u00edsica, emocional y profesional con t\u00e9cnicas de test muscular, biofeedback y trabajo energ\u00e9tico.","potentialAction":[{"@type":"SearchAction","target":{"@type":"EntryPoint","urlTemplate":"https:\/\/shenit.es\/?s={search_term_string}"},"query-input":{"@type":"PropertyValueSpecification","valueRequired":true,"valueName":"search_term_string"}}],"inLanguage":"ca"}]}},"_links":{"self":[{"href":"https:\/\/shenit.es\/ca\/wp-json\/wp\/v2\/pages\/1813","targetHints":{"allow":["GET"]}}],"collection":[{"href":"https:\/\/shenit.es\/ca\/wp-json\/wp\/v2\/pages"}],"about":[{"href":"https:\/\/shenit.es\/ca\/wp-json\/wp\/v2\/types\/page"}],"author":[{"embeddable":true,"href":"https:\/\/shenit.es\/ca\/wp-json\/wp\/v2\/users\/1"}],"replies":[{"embeddable":true,"href":"https:\/\/shenit.es\/ca\/wp-json\/wp\/v2\/comments?post=1813"}],"version-history":[{"count":5,"href":"https:\/\/shenit.es\/ca\/wp-json\/wp\/v2\/pages\/1813\/revisions"}],"predecessor-version":[{"id":1836,"href":"https:\/\/shenit.es\/ca\/wp-json\/wp\/v2\/pages\/1813\/revisions\/1836"}],"wp:attachment":[{"href":"https:\/\/shenit.es\/ca\/wp-json\/wp\/v2\/media?parent=1813"}],"curies":[{"name":"wp","href":"https:\/\/api.w.org\/{rel}","templated":true}]}}