{"id":1817,"date":"2026-01-07T13:51:03","date_gmt":"2026-01-07T13:51:03","guid":{"rendered":"https:\/\/shenit.es\/politica-de-privacitat\/"},"modified":"2026-01-28T10:20:06","modified_gmt":"2026-01-28T10:20:06","slug":"politica-de-privacitat","status":"publish","type":"page","link":"https:\/\/shenit.es\/ca\/politica-de-privacitat\/","title":{"rendered":"Pol\u00edtica de privacitat"},"content":{"rendered":"\t\t<div data-elementor-type=\"wp-page\" data-elementor-id=\"1817\" class=\"elementor elementor-1817 elementor-26\" data-elementor-post-type=\"page\">\n\t\t\t\t<div class=\"elementor-element elementor-element-6bcf10b e-flex e-con-boxed e-con e-parent\" data-id=\"6bcf10b\" data-element_type=\"container\" data-e-type=\"container\">\n\t\t\t\t\t<div class=\"e-con-inner\">\n\t\t\t\t<div class=\"elementor-element elementor-element-bfd07ba elementor-widget elementor-widget-text-editor\" data-id=\"bfd07ba\" data-element_type=\"widget\" data-e-type=\"widget\" data-widget_type=\"text-editor.default\">\n\t\t\t\t\t\t\t\t\t<h2>1. INFORMACI\u00d3 A L\u2019USUARI<\/h2> <h3>Qui \u00e9s el responsable del tractament de les teves dades personals?<\/h3> <p><b>Shenit Kinesolog\u00eda<\/b> \u00e9s el RESPONSABLE del tractament de les dades personals de l\u2019USUARI i l\u2019informa que aquestes dades seran tractades de conformitat amb el que disposa el Reglament (UE) 2016\/679, de 27 d\u2019abril (GDPR), i la Llei org\u00e0nica 3\/2018, de 5 de desembre (LOPDGDD).<\/p> <h3>Per a qu\u00e8 tractem les teves dades personals i per qu\u00e8 ho fem?<\/h3> <p>Segons el formulari on h\u00e0gim obtingut les seves dades personals, les tractarem de manera confidencial per assolir les finalitats seg\u00fcents:<\/p> <p>En el formulari <strong>Contacte<\/strong><\/p> <ul> <li>Donar resposta a les consultes o qualsevol tipus de petici\u00f3 que sigui realitzada per l\u2019usuari a trav\u00e9s de qualsevol de les formes de contacte que es posen a la seva disposici\u00f3 a la p\u00e0gina web del responsable. (per l\u2019inter\u00e8s leg\u00edtim del responsable, art. 6.1.f GDPR)<\/li> <li>Realitzar an\u00e0lisis estad\u00edstiques i estudis de mercat. (per l\u2019inter\u00e8s leg\u00edtim del responsable, art. 6.1.f GDPR)<\/li> <\/ul> <h3>Durant quant de temps conservarem les teves dades personals?<\/h3> <p>Es conservaran durant no m\u00e9s temps del necessari per mantenir la finalitat del tractament o mentre existeixin prescripcions legals que en dictaminin la cust\u00f2dia i, quan ja no sigui necessari per a aquesta finalitat, se suprimiran amb mesures de seguretat adequades per garantir l\u2019anonimitzaci\u00f3 de les dades o la seva destrucci\u00f3 total.<\/p> <h3>A qui facilitem les seves dades personals?<\/h3> <p>No est\u00e0 prevista cap comunicaci\u00f3 de dades personals a tercers excepte si fos necessari per al desenvolupament i execuci\u00f3 de les finalitats del tractament, als nostres prove\u00efdors de serveis relacionats amb comunicacions, amb els quals el RESPONSABLE t\u00e9 subscrits els contractes de confidencialitat i d\u2019encarregat del tractament exigits per la normativa vigent en mat\u00e8ria de privacitat.<\/p> <h3>Quins s\u00f3n els teus drets?<\/h3> <p>Els drets que assisteixen l\u2019USUARI s\u00f3n:<\/p> <ul> <li>Dret a retirar el consentiment en qualsevol moment.<\/li> <li>Dret d\u2019acc\u00e9s, rectificaci\u00f3, portabilitat i supressi\u00f3 de les seves dades, aix\u00ed com de limitaci\u00f3 o oposici\u00f3 al seu tractament.<\/li> <li>Dret a presentar una reclamaci\u00f3 davant l\u2019autoritat de control (www.aepd.es) si considera que el tractament no s\u2019ajusta a la normativa vigent.<\/li> <\/ul> <h3><strong>Dades de contacte per exercir els seus drets:<\/strong><\/h3>\n\n<b><p><span>Nom de domini: https:\/\/shenit.es\/\n<\/span><\/p><\/b>\n\n<b><p>Nom comercial: Shenit Kinesolog\u00eda<\/p>\n\n<p>Domicili social: Roger de Flor 121 &#8211; Local PB, 08205, Sabadell<\/p> <p>Tel\u00e8fon: (+34) 678 26 17 22<\/p> <p>E-mail: info@shenit.es<\/p><\/b> <h2>2. CAR\u00c0CTER OBLIGATORI O FACULTATIU DE LA INFORMACI\u00d3 FACILITADA PER L\u2019USUARI<\/h2> <p>Els USUARIS, mitjan\u00e7ant la marcaci\u00f3 de les caselles corresponents i la introducci\u00f3 de dades als camps marcats amb un asterisc (*) al formulari de contacte o presentats en formularis de desc\u00e0rrega, accepten expressament i de manera lliure i inequ\u00edvoca que les seves dades s\u00f3n necess\u00e0ries per atendre la seva petici\u00f3 per part del prestador, sent volunt\u00e0ria la inclusi\u00f3 de dades als camps restants. L\u2019USUARI garanteix que les dades personals facilitades al RESPONSABLE s\u00f3n veraces i es fa responsable de comunicar qualsevol modificaci\u00f3 d\u2019aquestes.<\/p> <p>El RESPONSABLE informa que totes les dades sol\u00b7licitades a trav\u00e9s del lloc web s\u00f3n obligat\u00f2ries, ja que s\u00f3n necess\u00e0ries per a la prestaci\u00f3 d\u2019un servei \u00f2ptim a l\u2019USUARI. En cas que no es facilitin totes les dades, no es garanteix que la informaci\u00f3 i els serveis facilitats s\u2019ajustin completament a les seves necessitats.<\/p> <h3>3. MESURES DE SEGURETAT<\/h3> <p>Que, de conformitat amb el que disposen les normatives vigents en protecci\u00f3 de dades personals, el RESPONSABLE compleix totes les disposicions de les normatives GDPR i LOPDGDD per al tractament de les dades personals sota la seva responsabilitat, i manifesta expressament el compliment dels principis descrits a l\u2019article 5 del GDPR, pels quals les dades s\u00f3n tractades de manera l\u00edcita, lleial i transparent en relaci\u00f3 amb l\u2019interessat, i adequades, pertinents i limitades al necessari en relaci\u00f3 amb les finalitats per a les quals s\u00f3n tractades.<\/p> <p>El RESPONSABLE garanteix que ha implementat pol\u00edtiques t\u00e8cniques i organitzatives adequades per aplicar les mesures de seguretat establertes pel GDPR i la LOPDGDD amb la finalitat de protegir els drets i llibertats dels USUARIS, i els ha comunicat la informaci\u00f3 adequada perqu\u00e8 puguin exercir-los.<\/p> <p>Per a m\u00e9s informaci\u00f3 sobre les garanties de privacitat, pots adre\u00e7ar-te al RESPONSABLE a trav\u00e9s de<\/p> <p><span style=\"font-weight: bold;\">Nom de domini: https:\/\/shenit.es\/<\/span><\/p> <p><span style=\"font-weight: bold;\">Nom comercial: Shenit Kinesolog\u00eda<\/span><\/p> <p><span style=\"font-weight: bold;\">Domicili social: Roger de Flor 121 &#8211; Local PB, 08205, Sabadell<\/span><\/p> <p><span style=\"font-weight: bold;\">Tel\u00e8fon: (+34) 678 26 17 22<\/span><\/p> <p><span style=\"font-weight: bold;\">E-mail: info@shenit.es<\/span><\/p> <H2>4. ACCESSIBILITAT WEB<\/h2> <p><span>Shenit Kinesolog\u00eda<\/span> es compromet a proporcionar un lloc web accessible per a una audi\u00e8ncia tan \u00e0mplia com sigui possible, independentment de les circumst\u00e0ncies i capacitats. El nostre objectiu \u00e9s complir, en la mesura del possible, amb les Pautes d\u2019Accessibilitat per al Contingut Web (WCAG 2.0, Nivell AA), publicades pel Consorci WWW, o segons el seu nom en angl\u00e8s, World Wide Web Consortium (W3C). Aquestes pautes expliquen com aconseguir que el contingut web sigui m\u00e9s accessible per a les persones amb discapacitat. El compliment d\u2019aquestes pautes ajudar\u00e0 a fer que el lloc sigui m\u00e9s f\u00e0cil d\u2019utilitzar i accessible per a tots els usuaris. Tot i que <span style=\"font-weight: bold;\">Shenit Kinesolog\u00eda<\/span> s\u2019esfor\u00e7a per complir amb les pautes i est\u00e0ndards d\u2019accessibilitat, no sempre \u00e9s possible fer-ho en totes les seves \u00e0rees i actualment s\u2019hi est\u00e0 treballant. Tingues en compte que, a causa de la naturalesa din\u00e0mica del lloc web, poden sorgir inconvenients menors, ja que s\u2019actualitza regularment. Busquem cont\u00ednuament solucions que portin totes les \u00e0rees del lloc al mateix nivell general d\u2019accessibilitat web.<\/p> <p>Si tens algun comentari o suggeriment relacionat amb la millora de l\u2019accessibilitat del nostre lloc, si us plau no dubtis a contactar amb el nostre coordinador d\u2019accessibilitat <span>Shenit Kinesolog\u00eda<\/span>, al <b>(+34) 678 26 17 22<\/b> o per correu electr\u00f2nic a <b>info@shenit.es<\/b>. Els teus comentaris ens ajudaran a fer les millores.<\/p>\t\t\t\t\t\t\t\t<\/div>\n\t\t\t\t\t<\/div>\n\t\t\t\t<\/div>\n\t\t\t\t<\/div>\n\t\t","protected":false},"excerpt":{"rendered":"<p>1. INFORMACI\u00d3 A L\u2019USUARI Qui \u00e9s el responsable del tractament de les teves dades personals? Shenit Kinesolog\u00eda \u00e9s el RESPONSABLE del tractament de les dades personals de l\u2019USUARI i l\u2019informa que aquestes dades seran tractades de conformitat amb el que disposa el Reglament (UE) 2016\/679, de 27 d\u2019abril (GDPR), i la Llei org\u00e0nica 3\/2018, de [&hellip;]<\/p>\n","protected":false},"author":1,"featured_media":0,"parent":0,"menu_order":0,"comment_status":"closed","ping_status":"closed","template":"","meta":{"_acf_changed":false,"_joinchat":[],"footnotes":""},"class_list":["post-1817","page","type-page","status-publish","hentry"],"acf":[],"yoast_head":"<!-- This site is optimized with the Yoast SEO plugin v27.0 - https:\/\/yoast.com\/product\/yoast-seo-wordpress\/ -->\n<title>Pol\u00edtica de privacitat - Shenit<\/title>\n<meta name=\"robots\" content=\"index, follow, max-snippet:-1, max-image-preview:large, max-video-preview:-1\" \/>\n<link rel=\"canonical\" href=\"https:\/\/shenit.es\/ca\/politica-de-privacitat\/\" \/>\n<meta property=\"og:locale\" content=\"ca_ES\" \/>\n<meta property=\"og:type\" content=\"article\" \/>\n<meta property=\"og:title\" content=\"Pol\u00edtica de privacitat - Shenit\" \/>\n<meta property=\"og:description\" content=\"1. INFORMACI\u00d3 A L\u2019USUARI Qui \u00e9s el responsable del tractament de les teves dades personals? Shenit Kinesolog\u00eda \u00e9s el RESPONSABLE del tractament de les dades personals de l\u2019USUARI i l\u2019informa que aquestes dades seran tractades de conformitat amb el que disposa el Reglament (UE) 2016\/679, de 27 d\u2019abril (GDPR), i la Llei org\u00e0nica 3\/2018, de [&hellip;]\" \/>\n<meta property=\"og:url\" content=\"https:\/\/shenit.es\/ca\/politica-de-privacitat\/\" \/>\n<meta property=\"og:site_name\" content=\"Shenit\" \/>\n<meta property=\"article:modified_time\" content=\"2026-01-28T10:20:06+00:00\" \/>\n<meta name=\"twitter:card\" content=\"summary_large_image\" \/>\n<meta name=\"twitter:label1\" content=\"Temps estimat de lectura\" \/>\n\t<meta name=\"twitter:data1\" content=\"6 minuts\" \/>\n<script type=\"application\/ld+json\" class=\"yoast-schema-graph\">{\"@context\":\"https:\/\/schema.org\",\"@graph\":[{\"@type\":\"WebPage\",\"@id\":\"https:\/\/shenit.es\/ca\/politica-de-privacitat\/\",\"url\":\"https:\/\/shenit.es\/ca\/politica-de-privacitat\/\",\"name\":\"Pol\u00edtica de privacitat - Shenit\",\"isPartOf\":{\"@id\":\"https:\/\/shenit.es\/#website\"},\"datePublished\":\"2026-01-07T13:51:03+00:00\",\"dateModified\":\"2026-01-28T10:20:06+00:00\",\"breadcrumb\":{\"@id\":\"https:\/\/shenit.es\/ca\/politica-de-privacitat\/#breadcrumb\"},\"inLanguage\":\"ca\",\"potentialAction\":[{\"@type\":\"ReadAction\",\"target\":[\"https:\/\/shenit.es\/ca\/politica-de-privacitat\/\"]}]},{\"@type\":\"BreadcrumbList\",\"@id\":\"https:\/\/shenit.es\/ca\/politica-de-privacitat\/#breadcrumb\",\"itemListElement\":[{\"@type\":\"ListItem\",\"position\":1,\"name\":\"Portada\",\"item\":\"https:\/\/shenit.es\/ca\/\"},{\"@type\":\"ListItem\",\"position\":2,\"name\":\"Pol\u00edtica de privacitat\"}]},{\"@type\":\"WebSite\",\"@id\":\"https:\/\/shenit.es\/#website\",\"url\":\"https:\/\/shenit.es\/\",\"name\":\"Shenit\",\"description\":\"henit Kinesiolog\u00eda en Sabadell: terapias y cursos de kinesiolog\u00eda para equilibrar cuerpo, mente y emociones. Mejora tu salud f\u00edsica, emocional y profesional con t\u00e9cnicas de test muscular, biofeedback y trabajo energ\u00e9tico.\",\"potentialAction\":[{\"@type\":\"SearchAction\",\"target\":{\"@type\":\"EntryPoint\",\"urlTemplate\":\"https:\/\/shenit.es\/?s={search_term_string}\"},\"query-input\":{\"@type\":\"PropertyValueSpecification\",\"valueRequired\":true,\"valueName\":\"search_term_string\"}}],\"inLanguage\":\"ca\"}]}<\/script>\n<!-- \/ Yoast SEO plugin. -->","yoast_head_json":{"title":"Pol\u00edtica de privacitat - Shenit","robots":{"index":"index","follow":"follow","max-snippet":"max-snippet:-1","max-image-preview":"max-image-preview:large","max-video-preview":"max-video-preview:-1"},"canonical":"https:\/\/shenit.es\/ca\/politica-de-privacitat\/","og_locale":"ca_ES","og_type":"article","og_title":"Pol\u00edtica de privacitat - Shenit","og_description":"1. INFORMACI\u00d3 A L\u2019USUARI Qui \u00e9s el responsable del tractament de les teves dades personals? Shenit Kinesolog\u00eda \u00e9s el RESPONSABLE del tractament de les dades personals de l\u2019USUARI i l\u2019informa que aquestes dades seran tractades de conformitat amb el que disposa el Reglament (UE) 2016\/679, de 27 d\u2019abril (GDPR), i la Llei org\u00e0nica 3\/2018, de [&hellip;]","og_url":"https:\/\/shenit.es\/ca\/politica-de-privacitat\/","og_site_name":"Shenit","article_modified_time":"2026-01-28T10:20:06+00:00","twitter_card":"summary_large_image","twitter_misc":{"Temps estimat de lectura":"6 minuts"},"schema":{"@context":"https:\/\/schema.org","@graph":[{"@type":"WebPage","@id":"https:\/\/shenit.es\/ca\/politica-de-privacitat\/","url":"https:\/\/shenit.es\/ca\/politica-de-privacitat\/","name":"Pol\u00edtica de privacitat - Shenit","isPartOf":{"@id":"https:\/\/shenit.es\/#website"},"datePublished":"2026-01-07T13:51:03+00:00","dateModified":"2026-01-28T10:20:06+00:00","breadcrumb":{"@id":"https:\/\/shenit.es\/ca\/politica-de-privacitat\/#breadcrumb"},"inLanguage":"ca","potentialAction":[{"@type":"ReadAction","target":["https:\/\/shenit.es\/ca\/politica-de-privacitat\/"]}]},{"@type":"BreadcrumbList","@id":"https:\/\/shenit.es\/ca\/politica-de-privacitat\/#breadcrumb","itemListElement":[{"@type":"ListItem","position":1,"name":"Portada","item":"https:\/\/shenit.es\/ca\/"},{"@type":"ListItem","position":2,"name":"Pol\u00edtica de privacitat"}]},{"@type":"WebSite","@id":"https:\/\/shenit.es\/#website","url":"https:\/\/shenit.es\/","name":"Shenit","description":"henit Kinesiolog\u00eda en Sabadell: terapias y cursos de kinesiolog\u00eda para equilibrar cuerpo, mente y emociones. Mejora tu salud f\u00edsica, emocional y profesional con t\u00e9cnicas de test muscular, biofeedback y trabajo energ\u00e9tico.","potentialAction":[{"@type":"SearchAction","target":{"@type":"EntryPoint","urlTemplate":"https:\/\/shenit.es\/?s={search_term_string}"},"query-input":{"@type":"PropertyValueSpecification","valueRequired":true,"valueName":"search_term_string"}}],"inLanguage":"ca"}]}},"_links":{"self":[{"href":"https:\/\/shenit.es\/ca\/wp-json\/wp\/v2\/pages\/1817","targetHints":{"allow":["GET"]}}],"collection":[{"href":"https:\/\/shenit.es\/ca\/wp-json\/wp\/v2\/pages"}],"about":[{"href":"https:\/\/shenit.es\/ca\/wp-json\/wp\/v2\/types\/page"}],"author":[{"embeddable":true,"href":"https:\/\/shenit.es\/ca\/wp-json\/wp\/v2\/users\/1"}],"replies":[{"embeddable":true,"href":"https:\/\/shenit.es\/ca\/wp-json\/wp\/v2\/comments?post=1817"}],"version-history":[{"count":7,"href":"https:\/\/shenit.es\/ca\/wp-json\/wp\/v2\/pages\/1817\/revisions"}],"predecessor-version":[{"id":1839,"href":"https:\/\/shenit.es\/ca\/wp-json\/wp\/v2\/pages\/1817\/revisions\/1839"}],"wp:attachment":[{"href":"https:\/\/shenit.es\/ca\/wp-json\/wp\/v2\/media?parent=1817"}],"curies":[{"name":"wp","href":"https:\/\/api.w.org\/{rel}","templated":true}]}}