{"id":2435,"date":"2026-03-04T12:28:45","date_gmt":"2026-03-04T12:28:45","guid":{"rendered":"https:\/\/shenit.es\/cansancio-profundo-y-desequilibrio-general\/"},"modified":"2026-03-05T14:50:05","modified_gmt":"2026-03-05T14:50:05","slug":"cansament-profund-i-desequilibri-general","status":"publish","type":"page","link":"https:\/\/shenit.es\/ca\/sessions-de-kinesiologia-a-sabadell-2\/cansament-profund-i-desequilibri-general\/","title":{"rendered":"Cansament profund i desequilibri general"},"content":{"rendered":"\t\t<div data-elementor-type=\"wp-page\" data-elementor-id=\"2435\" class=\"elementor elementor-2435 elementor-1950\" data-elementor-post-type=\"page\">\n\t\t\t\t<div class=\"elementor-element elementor-element-a91b946 e-flex e-con-boxed e-con e-parent\" data-id=\"a91b946\" data-element_type=\"container\" data-e-type=\"container\" data-settings=\"{&quot;background_background&quot;:&quot;classic&quot;}\">\n\t\t\t\t\t<div class=\"e-con-inner\">\n\t\t<div class=\"elementor-element elementor-element-1dba9a4 e-con-full animated-slow e-flex elementor-invisible e-con e-child\" data-id=\"1dba9a4\" data-element_type=\"container\" data-e-type=\"container\" data-settings=\"{&quot;animation&quot;:&quot;fadeIn&quot;}\">\n\t\t\t\t<div class=\"elementor-element elementor-element-742e7ca elementor-widget__width-initial elementor-widget-tablet__width-initial elementor-widget-mobile__width-inherit elementor-widget elementor-widget-heading\" data-id=\"742e7ca\" data-element_type=\"widget\" data-e-type=\"widget\" data-widget_type=\"heading.default\">\n\t\t\t\t\t<h2 class=\"elementor-heading-title elementor-size-default\">Recupera la teva energia i torna a sentir vitalitat<\/h2>\t\t\t\t<\/div>\n\t\t\t\t<div class=\"elementor-element elementor-element-507d734 elementor-widget__width-initial elementor-widget-laptop__width-initial elementor-widget elementor-widget-text-editor\" data-id=\"507d734\" data-element_type=\"widget\" data-e-type=\"widget\" data-widget_type=\"text-editor.default\">\n\t\t\t\t\t\t\t\t\t<p>Mitjan\u00e7ant la kinesiolog\u00eda, \u00e9s possible identificar els factors existents que resulten contraproduents o fins i tot perjudicials dins de la constituci\u00f3 del pacient, i que poden estar causant falta d&#8217;energia o baix rendiment en general. Aquests factors poden trobar-se a nivell qu\u00edmic-nutricional, emocional, mental o altres; per\u00f2 una vegada abordats, poden conduir a l&#8217;individu a un estat en el qual els seus nivells de productivitat i la qualitat del seu acompliment milloren considerablement.<\/p><p>Aix\u00f2 pot reflectir-se en la qualitat de les relacions dins de l&#8217;entorn de la persona, en un augment de la remuneraci\u00f3 laboral i en els assumptes econ\u00f2mics en general, ja que l&#8217;individu es torna m\u00e9s productiu. Aix\u00ed mateix, la seva relaci\u00f3 amb els diners tamb\u00e9 millora.<\/p><p>D&#8217;igual manera, aquestes millores poden observar-se en l&#8217;\u00e0mbit acad\u00e8mic, ja que amb majors nivells d&#8217;energia i millors actituds, augmenta la capacitat de la persona per a concentrar-se, esfor\u00e7ar-se m\u00e9s i rendir a un nivell superior. De la mateixa manera, els seus nivells de motivaci\u00f3 es veuen enfortits, la qual cosa potencia significativament qualsevol emprenedoria acad\u00e8mica o professional.<\/p>\t\t\t\t\t\t\t\t<\/div>\n\t\t\t\t<\/div>\n\t\t\t\t\t<\/div>\n\t\t\t\t<\/div>\n\t\t<div class=\"elementor-element elementor-element-e6a5e61 e-flex e-con-boxed e-con e-parent\" data-id=\"e6a5e61\" data-element_type=\"container\" data-e-type=\"container\" data-settings=\"{&quot;background_background&quot;:&quot;classic&quot;}\">\n\t\t\t\t\t<div class=\"e-con-inner\">\n\t\t<div class=\"elementor-element elementor-element-a5b0da3 e-con-full animated-slow e-flex elementor-invisible e-con e-child\" data-id=\"a5b0da3\" data-element_type=\"container\" data-e-type=\"container\" data-settings=\"{&quot;animation&quot;:&quot;fadeInLeft&quot;}\">\n\t\t\t\t<div class=\"elementor-element elementor-element-0901d49 elementor-widget__width-initial elementor-widget-tablet__width-initial elementor-widget elementor-widget-image-carousel\" data-id=\"0901d49\" data-element_type=\"widget\" data-e-type=\"widget\" data-settings=\"{&quot;slides_to_show&quot;:&quot;1&quot;,&quot;navigation&quot;:&quot;none&quot;,&quot;autoplay_speed&quot;:4000,&quot;effect&quot;:&quot;fade&quot;,&quot;speed&quot;:4000,&quot;autoplay&quot;:&quot;yes&quot;,&quot;infinite&quot;:&quot;yes&quot;}\" data-widget_type=\"image-carousel.default\">\n\t\t\t\t\t\t\t<div class=\"elementor-image-carousel-wrapper swiper\" role=\"region\" aria-roledescription=\"carousel\" aria-label=\"Carrusel de im\u00e1genes\" dir=\"ltr\">\n\t\t\t<div class=\"elementor-image-carousel swiper-wrapper\" aria-live=\"off\">\n\t\t\t\t\t\t\t\t<div class=\"swiper-slide\" role=\"group\" aria-roledescription=\"slide\" aria-label=\"1 de 3\"><figure class=\"swiper-slide-inner\"><img decoding=\"async\" class=\"swiper-slide-image\" src=\"https:\/\/shenit.es\/wp-content\/uploads\/2026\/01\/fotos-shenit-11-768x768.webp\" alt=\"fotos-shenit-11\" \/><\/figure><\/div><div class=\"swiper-slide\" role=\"group\" aria-roledescription=\"slide\" aria-label=\"2 de 3\"><figure class=\"swiper-slide-inner\"><img decoding=\"async\" class=\"swiper-slide-image\" src=\"https:\/\/shenit.es\/wp-content\/uploads\/2026\/01\/fotos-shenit-5-768x768.webp\" alt=\"fotos-shenit-5\" \/><\/figure><\/div><div class=\"swiper-slide\" role=\"group\" aria-roledescription=\"slide\" aria-label=\"3 de 3\"><figure class=\"swiper-slide-inner\"><img decoding=\"async\" class=\"swiper-slide-image\" src=\"https:\/\/shenit.es\/wp-content\/uploads\/2026\/01\/fotos-shenit-12-768x768.webp\" alt=\"fotos-shenit-12\" \/><\/figure><\/div>\t\t\t<\/div>\n\t\t\t\t\t\t\t\n\t\t\t\t\t\t\t\t\t<\/div>\n\t\t\t\t\t\t<\/div>\n\t\t\t\t<\/div>\n\t\t<div class=\"elementor-element elementor-element-910c347 e-con-full animated-slow e-flex elementor-invisible e-con e-child\" data-id=\"910c347\" data-element_type=\"container\" data-e-type=\"container\" data-settings=\"{&quot;animation&quot;:&quot;fadeInRight&quot;}\">\n\t\t\t\t<div class=\"elementor-element elementor-element-cd9e3ca elementor-widget__width-auto elementor-widget-mobile__width-inherit elementor-widget elementor-widget-heading\" data-id=\"cd9e3ca\" data-element_type=\"widget\" data-e-type=\"widget\" data-widget_type=\"heading.default\">\n\t\t\t\t\t<h2 class=\"elementor-heading-title elementor-size-default\">Qu\u00e8 pot fer la Kinesiolog\u00eda Shenit per a ajudar-te amb el cansament profund i&nbsp;el desequilibri general<\/h2>\t\t\t\t<\/div>\n\t\t\t\t<div class=\"elementor-element elementor-element-7523064 elementor-widget elementor-widget-text-editor\" data-id=\"7523064\" data-element_type=\"widget\" data-e-type=\"widget\" data-widget_type=\"text-editor.default\">\n\t\t\t\t\t\t\t\t\t<p>Mitjan\u00e7ant el test muscular s&#8217;identifiquen \u00e0rees del sistema que estan treballant en exc\u00e9s o que han perdut harmonia. La Kinesiolog\u00eda Shenit cerca restablir la comunicaci\u00f3 adequada entre cos, ment i energia, alliberant tensions que consumeixen recursos interns.<\/p><p>Aquest treball permet que l&#8217;organisme recuperi gradualment la seva capacitat natural de regeneraci\u00f3.<\/p>\t\t\t\t\t\t\t\t<\/div>\n\t\t\t\t<\/div>\n\t\t\t\t\t<\/div>\n\t\t\t\t<\/div>\n\t\t<div class=\"elementor-element elementor-element-4031740 e-flex e-con-boxed e-con e-parent\" data-id=\"4031740\" data-element_type=\"container\" data-e-type=\"container\" data-settings=\"{&quot;background_background&quot;:&quot;classic&quot;}\">\n\t\t\t\t\t<div class=\"e-con-inner\">\n\t\t<div class=\"elementor-element elementor-element-0486849 e-con-full animated-slow e-flex elementor-invisible e-con e-child\" data-id=\"0486849\" data-element_type=\"container\" data-e-type=\"container\" data-settings=\"{&quot;background_background&quot;:&quot;gradient&quot;,&quot;animation&quot;:&quot;fadeInLeft&quot;}\">\n\t\t\t\t<div class=\"elementor-element elementor-element-374b488 elementor-widget__width-auto elementor-widget elementor-widget-heading\" data-id=\"374b488\" data-element_type=\"widget\" data-e-type=\"widget\" data-widget_type=\"heading.default\">\n\t\t\t\t\t<h2 class=\"elementor-heading-title elementor-size-default\">Quin \u00e9s l'objectiu en aquest cas<\/h2>\t\t\t\t<\/div>\n\t\t\t\t<div class=\"elementor-element elementor-element-fe3e3d5 elementor-widget elementor-widget-text-editor\" data-id=\"fe3e3d5\" data-element_type=\"widget\" data-e-type=\"widget\" data-widget_type=\"text-editor.default\">\n\t\t\t\t\t\t\t\t\t<p>L&#8217;objectiu \u00e9s restablir l&#8217;equilibri global, millorar la sensaci\u00f3 de vitalitat i ajudar-te a sostenir el teu dia a dia amb major estabilitat i energia.<\/p>\t\t\t\t\t\t\t\t<\/div>\n\t\t\t\t<\/div>\n\t\t<div class=\"elementor-element elementor-element-86d5ae0 e-con-full animated-slow e-flex elementor-invisible e-con e-child\" data-id=\"86d5ae0\" data-element_type=\"container\" data-e-type=\"container\" data-settings=\"{&quot;animation&quot;:&quot;fadeInRight&quot;}\">\n\t\t\t\t<div class=\"elementor-element elementor-element-1fada59 elementor-invisible elementor-widget elementor-widget-image\" data-id=\"1fada59\" data-element_type=\"widget\" data-e-type=\"widget\" data-settings=\"{&quot;_animation&quot;:&quot;fadeInRight&quot;}\" data-widget_type=\"image.default\">\n\t\t\t\t\t\t\t\t\t\t\t\t\t\t\t<img fetchpriority=\"high\" decoding=\"async\" width=\"800\" height=\"800\" src=\"https:\/\/shenit.es\/wp-content\/uploads\/2026\/03\/cansancio-1024x1024.webp\" class=\"attachment-large size-large wp-image-2350\" alt=\"\" srcset=\"https:\/\/shenit.es\/wp-content\/uploads\/2026\/03\/cansancio-1024x1024.webp 1024w, https:\/\/shenit.es\/wp-content\/uploads\/2026\/03\/cansancio-300x300.webp 300w, https:\/\/shenit.es\/wp-content\/uploads\/2026\/03\/cansancio-150x150.webp 150w, https:\/\/shenit.es\/wp-content\/uploads\/2026\/03\/cansancio-768x768.webp 768w, https:\/\/shenit.es\/wp-content\/uploads\/2026\/03\/cansancio-1536x1536.webp 1536w, https:\/\/shenit.es\/wp-content\/uploads\/2026\/03\/cansancio.webp 1920w\" sizes=\"(max-width: 800px) 100vw, 800px\" \/>\t\t\t\t\t\t\t\t\t\t\t\t\t\t\t<\/div>\n\t\t\t\t<\/div>\n\t\t\t\t\t<\/div>\n\t\t\t\t<\/div>\n\t\t<div class=\"elementor-element elementor-element-9c357e1 e-flex e-con-boxed e-con e-parent\" data-id=\"9c357e1\" data-element_type=\"container\" data-e-type=\"container\">\n\t\t\t\t\t<div class=\"e-con-inner\">\n\t\t\t\t<div class=\"elementor-element elementor-element-a5b4e70 elementor-widget-mobile__width-initial animated-slow elementor-invisible elementor-widget elementor-widget-button\" data-id=\"a5b4e70\" data-element_type=\"widget\" data-e-type=\"widget\" data-settings=\"{&quot;_animation&quot;:&quot;fadeInUp&quot;}\" data-widget_type=\"button.default\">\n\t\t\t\t\t\t\t\t\t\t<a class=\"elementor-button elementor-button-link elementor-size-sm\" href=\"\/ca\/sessions-de-kinesiologia-a-sabadell\/\">\n\t\t\t\t\t\t<span class=\"elementor-button-content-wrapper\">\n\t\t\t\t\t\t\t\t\t<span class=\"elementor-button-text\">Descobreix com funcionen les sessions i preus<\/span>\n\t\t\t\t\t<\/span>\n\t\t\t\t\t<\/a>\n\t\t\t\t\t\t\t\t<\/div>\n\t\t\t\t\t<\/div>\n\t\t\t\t<\/div>\n\t\t<div class=\"elementor-element elementor-element-f5642ae e-con-full animated-slow e-flex elementor-invisible e-con e-child\" data-id=\"f5642ae\" data-element_type=\"container\" data-e-type=\"container\" data-settings=\"{&quot;animation&quot;:&quot;fadeInUp&quot;}\">\n\t\t\t\t<div class=\"elementor-element elementor-element-c915f04 elementor-widget__width-auto elementor-widget-mobile__width-initial elementor-widget elementor-widget-heading\" data-id=\"c915f04\" data-element_type=\"widget\" data-e-type=\"widget\" data-widget_type=\"heading.default\">\n\t\t\t\t\t<span class=\"elementor-heading-title elementor-size-default\">Reserva la teva sessi\u00f3<\/span>\t\t\t\t<\/div>\n\t\t\t\t<div class=\"elementor-element elementor-element-1fb5f24 elementor-widget__width-initial elementor-widget elementor-widget-heading\" data-id=\"1fb5f24\" data-element_type=\"widget\" data-e-type=\"widget\" data-widget_type=\"heading.default\">\n\t\t\t\t\t<p class=\"elementor-heading-title elementor-size-default\">En Shenit Kinesiolog\u00eda a Sabadell estarem encantats d'acompanyar-te.<\/p>\t\t\t\t<\/div>\n\t\t<div class=\"elementor-element elementor-element-f18ff04 e-con-full e-flex elementor-invisible e-con e-child\" data-id=\"f18ff04\" data-element_type=\"container\" data-e-type=\"container\" data-settings=\"{&quot;animation&quot;:&quot;fadeInDown&quot;,&quot;animation_delay&quot;:1000}\">\n\t\t\t\t<div class=\"elementor-element elementor-element-940aaef elementor-widget elementor-widget-image\" data-id=\"940aaef\" data-element_type=\"widget\" data-e-type=\"widget\" data-widget_type=\"image.default\">\n\t\t\t\t\t\t\t\t\t\t\t\t\t\t\t<img decoding=\"async\" width=\"300\" height=\"300\" src=\"https:\/\/shenit.es\/wp-content\/uploads\/2026\/01\/down-arrow.gif\" class=\"attachment-large size-large wp-image-549\" alt=\"\" \/>\t\t\t\t\t\t\t\t\t\t\t\t\t\t\t<\/div>\n\t\t\t\t<\/div>\n\t\t\t\t<\/div>\n\t\t\t\t<\/div>\n\t\t","protected":false},"excerpt":{"rendered":"<p>Recupera la teva energia i torna a sentir vitalitat Mitjan\u00e7ant la kinesiolog\u00eda, \u00e9s possible identificar els factors existents que resulten contraproduents o fins i tot perjudicials dins de la constituci\u00f3 del pacient, i que poden estar causant falta d&#8217;energia o baix rendiment en general. Aquests factors poden trobar-se a nivell qu\u00edmic-nutricional, emocional, mental o altres; [&hellip;]<\/p>\n","protected":false},"author":1,"featured_media":0,"parent":2479,"menu_order":0,"comment_status":"closed","ping_status":"closed","template":"","meta":{"_acf_changed":false,"_joinchat":[],"footnotes":""},"class_list":["post-2435","page","type-page","status-publish","hentry"],"acf":[],"yoast_head":"<!-- This site is optimized with the Yoast SEO plugin v27.0 - https:\/\/yoast.com\/product\/yoast-seo-wordpress\/ -->\n<title>Cansament profund i desequilibri general - Shenit<\/title>\n<meta name=\"robots\" content=\"index, follow, max-snippet:-1, max-image-preview:large, max-video-preview:-1\" \/>\n<link rel=\"canonical\" href=\"https:\/\/shenit.es\/ca\/sessions-de-kinesiologia-a-sabadell-2\/cansament-profund-i-desequilibri-general\/\" \/>\n<meta property=\"og:locale\" content=\"ca_ES\" \/>\n<meta property=\"og:type\" content=\"article\" \/>\n<meta property=\"og:title\" content=\"Cansament profund i desequilibri general - Shenit\" \/>\n<meta property=\"og:description\" content=\"Recupera la teva energia i torna a sentir vitalitat Mitjan\u00e7ant la kinesiolog\u00eda, \u00e9s possible identificar els factors existents que resulten contraproduents o fins i tot perjudicials dins de la constituci\u00f3 del pacient, i que poden estar causant falta d&#8217;energia o baix rendiment en general. Aquests factors poden trobar-se a nivell qu\u00edmic-nutricional, emocional, mental o altres; [&hellip;]\" \/>\n<meta property=\"og:url\" content=\"https:\/\/shenit.es\/ca\/sessions-de-kinesiologia-a-sabadell-2\/cansament-profund-i-desequilibri-general\/\" \/>\n<meta property=\"og:site_name\" content=\"Shenit\" \/>\n<meta property=\"article:modified_time\" content=\"2026-03-05T14:50:05+00:00\" \/>\n<meta property=\"og:image\" content=\"https:\/\/shenit.es\/wp-content\/uploads\/2026\/01\/fotos-shenit-11-768x768.webp\" \/>\n<meta name=\"twitter:card\" content=\"summary_large_image\" \/>\n<meta name=\"twitter:label1\" content=\"Temps estimat de lectura\" \/>\n\t<meta name=\"twitter:data1\" content=\"3 minuts\" \/>\n<script type=\"application\/ld+json\" class=\"yoast-schema-graph\">{\"@context\":\"https:\/\/schema.org\",\"@graph\":[{\"@type\":\"WebPage\",\"@id\":\"https:\/\/shenit.es\/ca\/sessions-de-kinesiologia-a-sabadell-2\/cansament-profund-i-desequilibri-general\/\",\"url\":\"https:\/\/shenit.es\/ca\/sessions-de-kinesiologia-a-sabadell-2\/cansament-profund-i-desequilibri-general\/\",\"name\":\"Cansament profund i desequilibri general - Shenit\",\"isPartOf\":{\"@id\":\"https:\/\/shenit.es\/#website\"},\"primaryImageOfPage\":{\"@id\":\"https:\/\/shenit.es\/ca\/sessions-de-kinesiologia-a-sabadell-2\/cansament-profund-i-desequilibri-general\/#primaryimage\"},\"image\":{\"@id\":\"https:\/\/shenit.es\/ca\/sessions-de-kinesiologia-a-sabadell-2\/cansament-profund-i-desequilibri-general\/#primaryimage\"},\"thumbnailUrl\":\"https:\/\/shenit.es\/wp-content\/uploads\/2026\/01\/fotos-shenit-11-768x768.webp\",\"datePublished\":\"2026-03-04T12:28:45+00:00\",\"dateModified\":\"2026-03-05T14:50:05+00:00\",\"breadcrumb\":{\"@id\":\"https:\/\/shenit.es\/ca\/sessions-de-kinesiologia-a-sabadell-2\/cansament-profund-i-desequilibri-general\/#breadcrumb\"},\"inLanguage\":\"ca\",\"potentialAction\":[{\"@type\":\"ReadAction\",\"target\":[\"https:\/\/shenit.es\/ca\/sessions-de-kinesiologia-a-sabadell-2\/cansament-profund-i-desequilibri-general\/\"]}]},{\"@type\":\"ImageObject\",\"inLanguage\":\"ca\",\"@id\":\"https:\/\/shenit.es\/ca\/sessions-de-kinesiologia-a-sabadell-2\/cansament-profund-i-desequilibri-general\/#primaryimage\",\"url\":\"https:\/\/shenit.es\/wp-content\/uploads\/2026\/01\/fotos-shenit-11-768x768.webp\",\"contentUrl\":\"https:\/\/shenit.es\/wp-content\/uploads\/2026\/01\/fotos-shenit-11-768x768.webp\"},{\"@type\":\"BreadcrumbList\",\"@id\":\"https:\/\/shenit.es\/ca\/sessions-de-kinesiologia-a-sabadell-2\/cansament-profund-i-desequilibri-general\/#breadcrumb\",\"itemListElement\":[{\"@type\":\"ListItem\",\"position\":1,\"name\":\"Portada\",\"item\":\"https:\/\/shenit.es\/ca\/\"},{\"@type\":\"ListItem\",\"position\":2,\"name\":\"Sessions de kinesiolog\u00eda a Sabadell\",\"item\":\"https:\/\/shenit.es\/ca\/sessions-de-kinesiologia-a-sabadell-2\/\"},{\"@type\":\"ListItem\",\"position\":3,\"name\":\"Cansament profund i desequilibri general\"}]},{\"@type\":\"WebSite\",\"@id\":\"https:\/\/shenit.es\/#website\",\"url\":\"https:\/\/shenit.es\/\",\"name\":\"Shenit\",\"description\":\"henit Kinesiolog\u00eda en Sabadell: terapias y cursos de kinesiolog\u00eda para equilibrar cuerpo, mente y emociones. Mejora tu salud f\u00edsica, emocional y profesional con t\u00e9cnicas de test muscular, biofeedback y trabajo energ\u00e9tico.\",\"potentialAction\":[{\"@type\":\"SearchAction\",\"target\":{\"@type\":\"EntryPoint\",\"urlTemplate\":\"https:\/\/shenit.es\/?s={search_term_string}\"},\"query-input\":{\"@type\":\"PropertyValueSpecification\",\"valueRequired\":true,\"valueName\":\"search_term_string\"}}],\"inLanguage\":\"ca\"}]}<\/script>\n<!-- \/ Yoast SEO plugin. -->","yoast_head_json":{"title":"Cansament profund i desequilibri general - Shenit","robots":{"index":"index","follow":"follow","max-snippet":"max-snippet:-1","max-image-preview":"max-image-preview:large","max-video-preview":"max-video-preview:-1"},"canonical":"https:\/\/shenit.es\/ca\/sessions-de-kinesiologia-a-sabadell-2\/cansament-profund-i-desequilibri-general\/","og_locale":"ca_ES","og_type":"article","og_title":"Cansament profund i desequilibri general - Shenit","og_description":"Recupera la teva energia i torna a sentir vitalitat Mitjan\u00e7ant la kinesiolog\u00eda, \u00e9s possible identificar els factors existents que resulten contraproduents o fins i tot perjudicials dins de la constituci\u00f3 del pacient, i que poden estar causant falta d&#8217;energia o baix rendiment en general. Aquests factors poden trobar-se a nivell qu\u00edmic-nutricional, emocional, mental o altres; [&hellip;]","og_url":"https:\/\/shenit.es\/ca\/sessions-de-kinesiologia-a-sabadell-2\/cansament-profund-i-desequilibri-general\/","og_site_name":"Shenit","article_modified_time":"2026-03-05T14:50:05+00:00","og_image":[{"url":"https:\/\/shenit.es\/wp-content\/uploads\/2026\/01\/fotos-shenit-11-768x768.webp","type":"","width":"","height":""}],"twitter_card":"summary_large_image","twitter_misc":{"Temps estimat de lectura":"3 minuts"},"schema":{"@context":"https:\/\/schema.org","@graph":[{"@type":"WebPage","@id":"https:\/\/shenit.es\/ca\/sessions-de-kinesiologia-a-sabadell-2\/cansament-profund-i-desequilibri-general\/","url":"https:\/\/shenit.es\/ca\/sessions-de-kinesiologia-a-sabadell-2\/cansament-profund-i-desequilibri-general\/","name":"Cansament profund i desequilibri general - Shenit","isPartOf":{"@id":"https:\/\/shenit.es\/#website"},"primaryImageOfPage":{"@id":"https:\/\/shenit.es\/ca\/sessions-de-kinesiologia-a-sabadell-2\/cansament-profund-i-desequilibri-general\/#primaryimage"},"image":{"@id":"https:\/\/shenit.es\/ca\/sessions-de-kinesiologia-a-sabadell-2\/cansament-profund-i-desequilibri-general\/#primaryimage"},"thumbnailUrl":"https:\/\/shenit.es\/wp-content\/uploads\/2026\/01\/fotos-shenit-11-768x768.webp","datePublished":"2026-03-04T12:28:45+00:00","dateModified":"2026-03-05T14:50:05+00:00","breadcrumb":{"@id":"https:\/\/shenit.es\/ca\/sessions-de-kinesiologia-a-sabadell-2\/cansament-profund-i-desequilibri-general\/#breadcrumb"},"inLanguage":"ca","potentialAction":[{"@type":"ReadAction","target":["https:\/\/shenit.es\/ca\/sessions-de-kinesiologia-a-sabadell-2\/cansament-profund-i-desequilibri-general\/"]}]},{"@type":"ImageObject","inLanguage":"ca","@id":"https:\/\/shenit.es\/ca\/sessions-de-kinesiologia-a-sabadell-2\/cansament-profund-i-desequilibri-general\/#primaryimage","url":"https:\/\/shenit.es\/wp-content\/uploads\/2026\/01\/fotos-shenit-11-768x768.webp","contentUrl":"https:\/\/shenit.es\/wp-content\/uploads\/2026\/01\/fotos-shenit-11-768x768.webp"},{"@type":"BreadcrumbList","@id":"https:\/\/shenit.es\/ca\/sessions-de-kinesiologia-a-sabadell-2\/cansament-profund-i-desequilibri-general\/#breadcrumb","itemListElement":[{"@type":"ListItem","position":1,"name":"Portada","item":"https:\/\/shenit.es\/ca\/"},{"@type":"ListItem","position":2,"name":"Sessions de kinesiolog\u00eda a Sabadell","item":"https:\/\/shenit.es\/ca\/sessions-de-kinesiologia-a-sabadell-2\/"},{"@type":"ListItem","position":3,"name":"Cansament profund i desequilibri general"}]},{"@type":"WebSite","@id":"https:\/\/shenit.es\/#website","url":"https:\/\/shenit.es\/","name":"Shenit","description":"henit Kinesiolog\u00eda en Sabadell: terapias y cursos de kinesiolog\u00eda para equilibrar cuerpo, mente y emociones. Mejora tu salud f\u00edsica, emocional y profesional con t\u00e9cnicas de test muscular, biofeedback y trabajo energ\u00e9tico.","potentialAction":[{"@type":"SearchAction","target":{"@type":"EntryPoint","urlTemplate":"https:\/\/shenit.es\/?s={search_term_string}"},"query-input":{"@type":"PropertyValueSpecification","valueRequired":true,"valueName":"search_term_string"}}],"inLanguage":"ca"}]}},"_links":{"self":[{"href":"https:\/\/shenit.es\/ca\/wp-json\/wp\/v2\/pages\/2435","targetHints":{"allow":["GET"]}}],"collection":[{"href":"https:\/\/shenit.es\/ca\/wp-json\/wp\/v2\/pages"}],"about":[{"href":"https:\/\/shenit.es\/ca\/wp-json\/wp\/v2\/types\/page"}],"author":[{"embeddable":true,"href":"https:\/\/shenit.es\/ca\/wp-json\/wp\/v2\/users\/1"}],"replies":[{"embeddable":true,"href":"https:\/\/shenit.es\/ca\/wp-json\/wp\/v2\/comments?post=2435"}],"version-history":[{"count":14,"href":"https:\/\/shenit.es\/ca\/wp-json\/wp\/v2\/pages\/2435\/revisions"}],"predecessor-version":[{"id":2577,"href":"https:\/\/shenit.es\/ca\/wp-json\/wp\/v2\/pages\/2435\/revisions\/2577"}],"up":[{"embeddable":true,"href":"https:\/\/shenit.es\/ca\/wp-json\/wp\/v2\/pages\/2479"}],"wp:attachment":[{"href":"https:\/\/shenit.es\/ca\/wp-json\/wp\/v2\/media?parent=2435"}],"curies":[{"name":"wp","href":"https:\/\/api.w.org\/{rel}","templated":true}]}}