{"id":2445,"date":"2026-03-04T12:35:08","date_gmt":"2026-03-04T12:35:08","guid":{"rendered":"https:\/\/shenit.es\/crecimiento-personal-y-profesional\/"},"modified":"2026-03-05T14:50:14","modified_gmt":"2026-03-05T14:50:14","slug":"creixement-personal-i-professional","status":"publish","type":"page","link":"https:\/\/shenit.es\/ca\/sessions-de-kinesiologia-a-sabadell-2\/creixement-personal-i-professional\/","title":{"rendered":"Creixement personal i professional"},"content":{"rendered":"\t\t<div data-elementor-type=\"wp-page\" data-elementor-id=\"2445\" class=\"elementor elementor-2445 elementor-1965\" data-elementor-post-type=\"page\">\n\t\t\t\t<div class=\"elementor-element elementor-element-a91b946 e-flex e-con-boxed e-con e-parent\" data-id=\"a91b946\" data-element_type=\"container\" data-e-type=\"container\" data-settings=\"{&quot;background_background&quot;:&quot;classic&quot;}\">\n\t\t\t\t\t<div class=\"e-con-inner\">\n\t\t<div class=\"elementor-element elementor-element-1dba9a4 e-con-full animated-slow e-flex elementor-invisible e-con e-child\" data-id=\"1dba9a4\" data-element_type=\"container\" data-e-type=\"container\" data-settings=\"{&quot;animation&quot;:&quot;fadeIn&quot;}\">\n\t\t\t\t<div class=\"elementor-element elementor-element-742e7ca elementor-widget__width-initial elementor-widget-tablet__width-initial elementor-widget-mobile__width-inherit elementor-widget elementor-widget-heading\" data-id=\"742e7ca\" data-element_type=\"widget\" data-e-type=\"widget\" data-widget_type=\"heading.default\">\n\t\t\t\t\t<h2 class=\"elementor-heading-title elementor-size-default\">Expandeix el teu potencial des d'un equilibri intern s\u00f2lid<\/h2>\t\t\t\t<\/div>\n\t\t\t\t<div class=\"elementor-element elementor-element-507d734 elementor-widget__width-initial elementor-widget-laptop__width-initial elementor-widget elementor-widget-text-editor\" data-id=\"507d734\" data-element_type=\"widget\" data-e-type=\"widget\" data-widget_type=\"text-editor.default\">\n\t\t\t\t\t\t\t\t\t<p>El potencial de l&#8217;individu \u00e9s il\u00b7limitat; l&#8217;abund\u00e0ncia en termes de benestar personal, a nivell econ\u00f2mic i en molts altres aspectes pot aconseguir-se de manera duradora, en lloc de ser una cosa temporal i irregular.<\/p><p>Els patrons negatius que abans afectaven la persona, on malgrat diversos esfor\u00e7os i enfocaments el resultat final era sempre el mateix estat negatiu, poden eliminar-se d&#8217;una vegada per sempre mitjan\u00e7ant la kinesiolog\u00eda. Aix\u00f2 permet que sorgeixin i floreixin patrons m\u00e9s saludables i sostenibles.<\/p><p>El m\u00f3n exterior \u00e9s simplement un reflex del teu m\u00f3n interior. Una vegada que aquests assumptes interns s&#8217;aborden, observa com la teva vida es transforma d&#8217;una manera molt m\u00e9s gran del que mai hauries imaginat.<\/p>\t\t\t\t\t\t\t\t<\/div>\n\t\t\t\t<\/div>\n\t\t\t\t\t<\/div>\n\t\t\t\t<\/div>\n\t\t<div class=\"elementor-element elementor-element-e6a5e61 e-flex e-con-boxed e-con e-parent\" data-id=\"e6a5e61\" data-element_type=\"container\" data-e-type=\"container\" data-settings=\"{&quot;background_background&quot;:&quot;classic&quot;}\">\n\t\t\t\t\t<div class=\"e-con-inner\">\n\t\t<div class=\"elementor-element elementor-element-a5b0da3 e-con-full animated-slow e-flex elementor-invisible e-con e-child\" data-id=\"a5b0da3\" data-element_type=\"container\" data-e-type=\"container\" data-settings=\"{&quot;animation&quot;:&quot;fadeInLeft&quot;}\">\n\t\t\t\t<div class=\"elementor-element elementor-element-0901d49 elementor-widget__width-initial elementor-widget-tablet__width-initial elementor-widget elementor-widget-image-carousel\" data-id=\"0901d49\" data-element_type=\"widget\" data-e-type=\"widget\" data-settings=\"{&quot;slides_to_show&quot;:&quot;1&quot;,&quot;navigation&quot;:&quot;none&quot;,&quot;autoplay_speed&quot;:4000,&quot;effect&quot;:&quot;fade&quot;,&quot;speed&quot;:4000,&quot;autoplay&quot;:&quot;yes&quot;,&quot;infinite&quot;:&quot;yes&quot;}\" data-widget_type=\"image-carousel.default\">\n\t\t\t\t\t\t\t<div class=\"elementor-image-carousel-wrapper swiper\" role=\"region\" aria-roledescription=\"carousel\" aria-label=\"Carrusel de im\u00e1genes\" dir=\"ltr\">\n\t\t\t<div class=\"elementor-image-carousel swiper-wrapper\" aria-live=\"off\">\n\t\t\t\t\t\t\t\t<div class=\"swiper-slide\" role=\"group\" aria-roledescription=\"slide\" aria-label=\"1 de 4\"><figure class=\"swiper-slide-inner\"><img decoding=\"async\" class=\"swiper-slide-image\" src=\"https:\/\/shenit.es\/wp-content\/uploads\/2026\/01\/fotos-shenit-21-768x768.webp\" alt=\"fotos-shenit-21\" \/><\/figure><\/div><div class=\"swiper-slide\" role=\"group\" aria-roledescription=\"slide\" aria-label=\"2 de 4\"><figure class=\"swiper-slide-inner\"><img decoding=\"async\" class=\"swiper-slide-image\" src=\"https:\/\/shenit.es\/wp-content\/uploads\/2026\/01\/fotos-shenit-9-768x768.webp\" alt=\"fotos-shenit-9\" \/><\/figure><\/div><div class=\"swiper-slide\" role=\"group\" aria-roledescription=\"slide\" aria-label=\"3 de 4\"><figure class=\"swiper-slide-inner\"><img decoding=\"async\" class=\"swiper-slide-image\" src=\"https:\/\/shenit.es\/wp-content\/uploads\/2026\/01\/fotos-shenit-15-768x768.webp\" alt=\"fotos-shenit-15\" \/><\/figure><\/div><div class=\"swiper-slide\" role=\"group\" aria-roledescription=\"slide\" aria-label=\"4 de 4\"><figure class=\"swiper-slide-inner\"><img decoding=\"async\" class=\"swiper-slide-image\" src=\"https:\/\/shenit.es\/wp-content\/uploads\/2026\/01\/fotos-shenit-3-768x768.webp\" alt=\"fotos-shenit-3\" \/><\/figure><\/div>\t\t\t<\/div>\n\t\t\t\t\t\t\t\n\t\t\t\t\t\t\t\t\t<\/div>\n\t\t\t\t\t\t<\/div>\n\t\t\t\t<\/div>\n\t\t<div class=\"elementor-element elementor-element-910c347 e-con-full animated-slow e-flex elementor-invisible e-con e-child\" data-id=\"910c347\" data-element_type=\"container\" data-e-type=\"container\" data-settings=\"{&quot;animation&quot;:&quot;fadeInRight&quot;}\">\n\t\t\t\t<div class=\"elementor-element elementor-element-cd9e3ca elementor-widget__width-auto elementor-widget-mobile__width-inherit elementor-widget elementor-widget-heading\" data-id=\"cd9e3ca\" data-element_type=\"widget\" data-e-type=\"widget\" data-widget_type=\"heading.default\">\n\t\t\t\t\t<h2 class=\"elementor-heading-title elementor-size-default\">Qu\u00e8 pot fer la Kinesiolog\u00eda Shenit per a ajudar-te en el teu creixement personal i&nbsp;professional<\/h2>\t\t\t\t<\/div>\n\t\t\t\t<div class=\"elementor-element elementor-element-7523064 elementor-widget elementor-widget-text-editor\" data-id=\"7523064\" data-element_type=\"widget\" data-e-type=\"widget\" data-widget_type=\"text-editor.default\">\n\t\t\t\t\t\t\t\t\t<p>La Kinesiolog\u00eda Shenit permet identificar resist\u00e8ncies inconscients, pors o creences limitants que poden estar frenant el teu desenvolupament. En treballar aquests aspectes des del cos i el sistema energ\u00e8tic, s&#8217;enforteixen recursos interns i major coher\u00e8ncia en les teves decisions.<\/p><p>Aquest acompanyament facilita processos de canvi m\u00e9s conscients i sostenibles.<\/p>\t\t\t\t\t\t\t\t<\/div>\n\t\t\t\t<\/div>\n\t\t\t\t\t<\/div>\n\t\t\t\t<\/div>\n\t\t<div class=\"elementor-element elementor-element-4031740 e-flex e-con-boxed e-con e-parent\" data-id=\"4031740\" data-element_type=\"container\" data-e-type=\"container\" data-settings=\"{&quot;background_background&quot;:&quot;classic&quot;}\">\n\t\t\t\t\t<div class=\"e-con-inner\">\n\t\t<div class=\"elementor-element elementor-element-0486849 e-con-full animated-slow e-flex elementor-invisible e-con e-child\" data-id=\"0486849\" data-element_type=\"container\" data-e-type=\"container\" data-settings=\"{&quot;background_background&quot;:&quot;gradient&quot;,&quot;animation&quot;:&quot;fadeInLeft&quot;}\">\n\t\t\t\t<div class=\"elementor-element elementor-element-374b488 elementor-widget__width-auto elementor-widget elementor-widget-heading\" data-id=\"374b488\" data-element_type=\"widget\" data-e-type=\"widget\" data-widget_type=\"heading.default\">\n\t\t\t\t\t<h2 class=\"elementor-heading-title elementor-size-default\">Quin \u00e9s l'objectiu en aquest cas<\/h2>\t\t\t\t<\/div>\n\t\t\t\t<div class=\"elementor-element elementor-element-fe3e3d5 elementor-widget elementor-widget-text-editor\" data-id=\"fe3e3d5\" data-element_type=\"widget\" data-e-type=\"widget\" data-widget_type=\"text-editor.default\">\n\t\t\t\t\t\t\t\t\t<p data-start=\"6102\" data-end=\"6249\">L&#8217;objectiu \u00e9s crear una base interna m\u00e9s estable des de la qual puguis cr\u00e9ixer, prendre decisions alineades i avan\u00e7ar amb major seguretat i expansi\u00f3.<\/p>\t\t\t\t\t\t\t\t<\/div>\n\t\t\t\t<\/div>\n\t\t<div class=\"elementor-element elementor-element-86d5ae0 e-con-full animated-slow e-flex elementor-invisible e-con e-child\" data-id=\"86d5ae0\" data-element_type=\"container\" data-e-type=\"container\" data-settings=\"{&quot;animation&quot;:&quot;fadeInRight&quot;}\">\n\t\t\t\t<div class=\"elementor-element elementor-element-17008f7 elementor-invisible elementor-widget elementor-widget-image\" data-id=\"17008f7\" data-element_type=\"widget\" data-e-type=\"widget\" data-settings=\"{&quot;_animation&quot;:&quot;fadeInRight&quot;}\" data-widget_type=\"image.default\">\n\t\t\t\t\t\t\t\t\t\t\t\t\t\t\t<img fetchpriority=\"high\" decoding=\"async\" width=\"800\" height=\"800\" src=\"https:\/\/shenit.es\/wp-content\/uploads\/2026\/03\/crecimiento-1024x1024.webp\" class=\"attachment-large size-large wp-image-2365\" alt=\"\" srcset=\"https:\/\/shenit.es\/wp-content\/uploads\/2026\/03\/crecimiento-1024x1024.webp 1024w, https:\/\/shenit.es\/wp-content\/uploads\/2026\/03\/crecimiento-300x300.webp 300w, https:\/\/shenit.es\/wp-content\/uploads\/2026\/03\/crecimiento-150x150.webp 150w, https:\/\/shenit.es\/wp-content\/uploads\/2026\/03\/crecimiento-768x768.webp 768w, https:\/\/shenit.es\/wp-content\/uploads\/2026\/03\/crecimiento-1536x1536.webp 1536w, https:\/\/shenit.es\/wp-content\/uploads\/2026\/03\/crecimiento.webp 1920w\" sizes=\"(max-width: 800px) 100vw, 800px\" \/>\t\t\t\t\t\t\t\t\t\t\t\t\t\t\t<\/div>\n\t\t\t\t<\/div>\n\t\t\t\t\t<\/div>\n\t\t\t\t<\/div>\n\t\t<div class=\"elementor-element elementor-element-916ecdf e-flex e-con-boxed e-con e-parent\" data-id=\"916ecdf\" data-element_type=\"container\" data-e-type=\"container\">\n\t\t\t\t\t<div class=\"e-con-inner\">\n\t\t\t\t<div class=\"elementor-element elementor-element-13a3585 elementor-widget-mobile__width-initial animated-slow elementor-invisible elementor-widget elementor-widget-button\" data-id=\"13a3585\" data-element_type=\"widget\" data-e-type=\"widget\" data-settings=\"{&quot;_animation&quot;:&quot;fadeInUp&quot;}\" data-widget_type=\"button.default\">\n\t\t\t\t\t\t\t\t\t\t<a class=\"elementor-button elementor-button-link elementor-size-sm\" href=\"\/ca\/sessions-de-kinesiologia-a-sabadell\/\">\n\t\t\t\t\t\t<span class=\"elementor-button-content-wrapper\">\n\t\t\t\t\t\t\t\t\t<span class=\"elementor-button-text\">Descobreix com funcionen les sessions i preus<\/span>\n\t\t\t\t\t<\/span>\n\t\t\t\t\t<\/a>\n\t\t\t\t\t\t\t\t<\/div>\n\t\t\t\t\t<\/div>\n\t\t\t\t<\/div>\n\t\t<div class=\"elementor-element elementor-element-f5642ae e-con-full animated-slow e-flex elementor-invisible e-con e-child\" data-id=\"f5642ae\" data-element_type=\"container\" data-e-type=\"container\" data-settings=\"{&quot;animation&quot;:&quot;fadeInUp&quot;}\">\n\t\t\t\t<div class=\"elementor-element elementor-element-c915f04 elementor-widget__width-auto elementor-widget-mobile__width-initial elementor-widget elementor-widget-heading\" data-id=\"c915f04\" data-element_type=\"widget\" data-e-type=\"widget\" data-widget_type=\"heading.default\">\n\t\t\t\t\t<span class=\"elementor-heading-title elementor-size-default\">Reserva la teva sessi\u00f3<\/span>\t\t\t\t<\/div>\n\t\t\t\t<div class=\"elementor-element elementor-element-1fb5f24 elementor-widget__width-initial elementor-widget elementor-widget-heading\" data-id=\"1fb5f24\" data-element_type=\"widget\" data-e-type=\"widget\" data-widget_type=\"heading.default\">\n\t\t\t\t\t<p class=\"elementor-heading-title elementor-size-default\">En Shenit Kinesiolog\u00eda a Sabadell estarem encantats d'acompanyar-te.<\/p>\t\t\t\t<\/div>\n\t\t<div class=\"elementor-element elementor-element-f18ff04 e-con-full e-flex elementor-invisible e-con e-child\" data-id=\"f18ff04\" data-element_type=\"container\" data-e-type=\"container\" data-settings=\"{&quot;animation&quot;:&quot;fadeInDown&quot;,&quot;animation_delay&quot;:1000}\">\n\t\t\t\t<div class=\"elementor-element elementor-element-940aaef elementor-widget elementor-widget-image\" data-id=\"940aaef\" data-element_type=\"widget\" data-e-type=\"widget\" data-widget_type=\"image.default\">\n\t\t\t\t\t\t\t\t\t\t\t\t\t\t\t<img decoding=\"async\" width=\"300\" height=\"300\" src=\"https:\/\/shenit.es\/wp-content\/uploads\/2026\/01\/down-arrow.gif\" class=\"attachment-large size-large wp-image-549\" alt=\"\" \/>\t\t\t\t\t\t\t\t\t\t\t\t\t\t\t<\/div>\n\t\t\t\t<\/div>\n\t\t\t\t<\/div>\n\t\t\t\t<\/div>\n\t\t","protected":false},"excerpt":{"rendered":"<p>Expandeix el teu potencial des d&#8217;un equilibri intern s\u00f2lid El potencial de l&#8217;individu \u00e9s il\u00b7limitat; l&#8217;abund\u00e0ncia en termes de benestar personal, a nivell econ\u00f2mic i en molts altres aspectes pot aconseguir-se de manera duradora, en lloc de ser una cosa temporal i irregular. Els patrons negatius que abans afectaven la persona, on malgrat diversos esfor\u00e7os [&hellip;]<\/p>\n","protected":false},"author":1,"featured_media":0,"parent":2479,"menu_order":0,"comment_status":"closed","ping_status":"closed","template":"","meta":{"_acf_changed":false,"_joinchat":[],"footnotes":""},"class_list":["post-2445","page","type-page","status-publish","hentry"],"acf":[],"yoast_head":"<!-- This site is optimized with the Yoast SEO plugin v27.0 - https:\/\/yoast.com\/product\/yoast-seo-wordpress\/ -->\n<title>Creixement personal i professional - Shenit<\/title>\n<meta name=\"robots\" content=\"index, follow, max-snippet:-1, max-image-preview:large, max-video-preview:-1\" \/>\n<link rel=\"canonical\" href=\"https:\/\/shenit.es\/ca\/sessions-de-kinesiologia-a-sabadell-2\/creixement-personal-i-professional\/\" \/>\n<meta property=\"og:locale\" content=\"ca_ES\" \/>\n<meta property=\"og:type\" content=\"article\" \/>\n<meta property=\"og:title\" content=\"Creixement personal i professional - Shenit\" \/>\n<meta property=\"og:description\" content=\"Expandeix el teu potencial des d&#8217;un equilibri intern s\u00f2lid El potencial de l&#8217;individu \u00e9s il\u00b7limitat; l&#8217;abund\u00e0ncia en termes de benestar personal, a nivell econ\u00f2mic i en molts altres aspectes pot aconseguir-se de manera duradora, en lloc de ser una cosa temporal i irregular. Els patrons negatius que abans afectaven la persona, on malgrat diversos esfor\u00e7os [&hellip;]\" \/>\n<meta property=\"og:url\" content=\"https:\/\/shenit.es\/ca\/sessions-de-kinesiologia-a-sabadell-2\/creixement-personal-i-professional\/\" \/>\n<meta property=\"og:site_name\" content=\"Shenit\" \/>\n<meta property=\"article:modified_time\" content=\"2026-03-05T14:50:14+00:00\" \/>\n<meta property=\"og:image\" content=\"https:\/\/shenit.es\/wp-content\/uploads\/2026\/01\/fotos-shenit-21-768x768.webp\" \/>\n<meta name=\"twitter:card\" content=\"summary_large_image\" \/>\n<meta name=\"twitter:label1\" content=\"Temps estimat de lectura\" \/>\n\t<meta name=\"twitter:data1\" content=\"3 minuts\" \/>\n<script type=\"application\/ld+json\" class=\"yoast-schema-graph\">{\"@context\":\"https:\/\/schema.org\",\"@graph\":[{\"@type\":\"WebPage\",\"@id\":\"https:\/\/shenit.es\/ca\/sessions-de-kinesiologia-a-sabadell-2\/creixement-personal-i-professional\/\",\"url\":\"https:\/\/shenit.es\/ca\/sessions-de-kinesiologia-a-sabadell-2\/creixement-personal-i-professional\/\",\"name\":\"Creixement personal i professional - Shenit\",\"isPartOf\":{\"@id\":\"https:\/\/shenit.es\/#website\"},\"primaryImageOfPage\":{\"@id\":\"https:\/\/shenit.es\/ca\/sessions-de-kinesiologia-a-sabadell-2\/creixement-personal-i-professional\/#primaryimage\"},\"image\":{\"@id\":\"https:\/\/shenit.es\/ca\/sessions-de-kinesiologia-a-sabadell-2\/creixement-personal-i-professional\/#primaryimage\"},\"thumbnailUrl\":\"https:\/\/shenit.es\/wp-content\/uploads\/2026\/01\/fotos-shenit-21-768x768.webp\",\"datePublished\":\"2026-03-04T12:35:08+00:00\",\"dateModified\":\"2026-03-05T14:50:14+00:00\",\"breadcrumb\":{\"@id\":\"https:\/\/shenit.es\/ca\/sessions-de-kinesiologia-a-sabadell-2\/creixement-personal-i-professional\/#breadcrumb\"},\"inLanguage\":\"ca\",\"potentialAction\":[{\"@type\":\"ReadAction\",\"target\":[\"https:\/\/shenit.es\/ca\/sessions-de-kinesiologia-a-sabadell-2\/creixement-personal-i-professional\/\"]}]},{\"@type\":\"ImageObject\",\"inLanguage\":\"ca\",\"@id\":\"https:\/\/shenit.es\/ca\/sessions-de-kinesiologia-a-sabadell-2\/creixement-personal-i-professional\/#primaryimage\",\"url\":\"https:\/\/shenit.es\/wp-content\/uploads\/2026\/01\/fotos-shenit-21-768x768.webp\",\"contentUrl\":\"https:\/\/shenit.es\/wp-content\/uploads\/2026\/01\/fotos-shenit-21-768x768.webp\"},{\"@type\":\"BreadcrumbList\",\"@id\":\"https:\/\/shenit.es\/ca\/sessions-de-kinesiologia-a-sabadell-2\/creixement-personal-i-professional\/#breadcrumb\",\"itemListElement\":[{\"@type\":\"ListItem\",\"position\":1,\"name\":\"Portada\",\"item\":\"https:\/\/shenit.es\/ca\/\"},{\"@type\":\"ListItem\",\"position\":2,\"name\":\"Sessions de kinesiolog\u00eda a Sabadell\",\"item\":\"https:\/\/shenit.es\/ca\/sessions-de-kinesiologia-a-sabadell-2\/\"},{\"@type\":\"ListItem\",\"position\":3,\"name\":\"Creixement personal i professional\"}]},{\"@type\":\"WebSite\",\"@id\":\"https:\/\/shenit.es\/#website\",\"url\":\"https:\/\/shenit.es\/\",\"name\":\"Shenit\",\"description\":\"henit Kinesiolog\u00eda en Sabadell: terapias y cursos de kinesiolog\u00eda para equilibrar cuerpo, mente y emociones. Mejora tu salud f\u00edsica, emocional y profesional con t\u00e9cnicas de test muscular, biofeedback y trabajo energ\u00e9tico.\",\"potentialAction\":[{\"@type\":\"SearchAction\",\"target\":{\"@type\":\"EntryPoint\",\"urlTemplate\":\"https:\/\/shenit.es\/?s={search_term_string}\"},\"query-input\":{\"@type\":\"PropertyValueSpecification\",\"valueRequired\":true,\"valueName\":\"search_term_string\"}}],\"inLanguage\":\"ca\"}]}<\/script>\n<!-- \/ Yoast SEO plugin. -->","yoast_head_json":{"title":"Creixement personal i professional - Shenit","robots":{"index":"index","follow":"follow","max-snippet":"max-snippet:-1","max-image-preview":"max-image-preview:large","max-video-preview":"max-video-preview:-1"},"canonical":"https:\/\/shenit.es\/ca\/sessions-de-kinesiologia-a-sabadell-2\/creixement-personal-i-professional\/","og_locale":"ca_ES","og_type":"article","og_title":"Creixement personal i professional - Shenit","og_description":"Expandeix el teu potencial des d&#8217;un equilibri intern s\u00f2lid El potencial de l&#8217;individu \u00e9s il\u00b7limitat; l&#8217;abund\u00e0ncia en termes de benestar personal, a nivell econ\u00f2mic i en molts altres aspectes pot aconseguir-se de manera duradora, en lloc de ser una cosa temporal i irregular. Els patrons negatius que abans afectaven la persona, on malgrat diversos esfor\u00e7os [&hellip;]","og_url":"https:\/\/shenit.es\/ca\/sessions-de-kinesiologia-a-sabadell-2\/creixement-personal-i-professional\/","og_site_name":"Shenit","article_modified_time":"2026-03-05T14:50:14+00:00","og_image":[{"url":"https:\/\/shenit.es\/wp-content\/uploads\/2026\/01\/fotos-shenit-21-768x768.webp","type":"","width":"","height":""}],"twitter_card":"summary_large_image","twitter_misc":{"Temps estimat de lectura":"3 minuts"},"schema":{"@context":"https:\/\/schema.org","@graph":[{"@type":"WebPage","@id":"https:\/\/shenit.es\/ca\/sessions-de-kinesiologia-a-sabadell-2\/creixement-personal-i-professional\/","url":"https:\/\/shenit.es\/ca\/sessions-de-kinesiologia-a-sabadell-2\/creixement-personal-i-professional\/","name":"Creixement personal i professional - Shenit","isPartOf":{"@id":"https:\/\/shenit.es\/#website"},"primaryImageOfPage":{"@id":"https:\/\/shenit.es\/ca\/sessions-de-kinesiologia-a-sabadell-2\/creixement-personal-i-professional\/#primaryimage"},"image":{"@id":"https:\/\/shenit.es\/ca\/sessions-de-kinesiologia-a-sabadell-2\/creixement-personal-i-professional\/#primaryimage"},"thumbnailUrl":"https:\/\/shenit.es\/wp-content\/uploads\/2026\/01\/fotos-shenit-21-768x768.webp","datePublished":"2026-03-04T12:35:08+00:00","dateModified":"2026-03-05T14:50:14+00:00","breadcrumb":{"@id":"https:\/\/shenit.es\/ca\/sessions-de-kinesiologia-a-sabadell-2\/creixement-personal-i-professional\/#breadcrumb"},"inLanguage":"ca","potentialAction":[{"@type":"ReadAction","target":["https:\/\/shenit.es\/ca\/sessions-de-kinesiologia-a-sabadell-2\/creixement-personal-i-professional\/"]}]},{"@type":"ImageObject","inLanguage":"ca","@id":"https:\/\/shenit.es\/ca\/sessions-de-kinesiologia-a-sabadell-2\/creixement-personal-i-professional\/#primaryimage","url":"https:\/\/shenit.es\/wp-content\/uploads\/2026\/01\/fotos-shenit-21-768x768.webp","contentUrl":"https:\/\/shenit.es\/wp-content\/uploads\/2026\/01\/fotos-shenit-21-768x768.webp"},{"@type":"BreadcrumbList","@id":"https:\/\/shenit.es\/ca\/sessions-de-kinesiologia-a-sabadell-2\/creixement-personal-i-professional\/#breadcrumb","itemListElement":[{"@type":"ListItem","position":1,"name":"Portada","item":"https:\/\/shenit.es\/ca\/"},{"@type":"ListItem","position":2,"name":"Sessions de kinesiolog\u00eda a Sabadell","item":"https:\/\/shenit.es\/ca\/sessions-de-kinesiologia-a-sabadell-2\/"},{"@type":"ListItem","position":3,"name":"Creixement personal i professional"}]},{"@type":"WebSite","@id":"https:\/\/shenit.es\/#website","url":"https:\/\/shenit.es\/","name":"Shenit","description":"henit Kinesiolog\u00eda en Sabadell: terapias y cursos de kinesiolog\u00eda para equilibrar cuerpo, mente y emociones. Mejora tu salud f\u00edsica, emocional y profesional con t\u00e9cnicas de test muscular, biofeedback y trabajo energ\u00e9tico.","potentialAction":[{"@type":"SearchAction","target":{"@type":"EntryPoint","urlTemplate":"https:\/\/shenit.es\/?s={search_term_string}"},"query-input":{"@type":"PropertyValueSpecification","valueRequired":true,"valueName":"search_term_string"}}],"inLanguage":"ca"}]}},"_links":{"self":[{"href":"https:\/\/shenit.es\/ca\/wp-json\/wp\/v2\/pages\/2445","targetHints":{"allow":["GET"]}}],"collection":[{"href":"https:\/\/shenit.es\/ca\/wp-json\/wp\/v2\/pages"}],"about":[{"href":"https:\/\/shenit.es\/ca\/wp-json\/wp\/v2\/types\/page"}],"author":[{"embeddable":true,"href":"https:\/\/shenit.es\/ca\/wp-json\/wp\/v2\/users\/1"}],"replies":[{"embeddable":true,"href":"https:\/\/shenit.es\/ca\/wp-json\/wp\/v2\/comments?post=2445"}],"version-history":[{"count":13,"href":"https:\/\/shenit.es\/ca\/wp-json\/wp\/v2\/pages\/2445\/revisions"}],"predecessor-version":[{"id":2580,"href":"https:\/\/shenit.es\/ca\/wp-json\/wp\/v2\/pages\/2445\/revisions\/2580"}],"up":[{"embeddable":true,"href":"https:\/\/shenit.es\/ca\/wp-json\/wp\/v2\/pages\/2479"}],"wp:attachment":[{"href":"https:\/\/shenit.es\/ca\/wp-json\/wp\/v2\/media?parent=2445"}],"curies":[{"name":"wp","href":"https:\/\/api.w.org\/{rel}","templated":true}]}}